{"id":7679,"date":"2023-07-19T14:04:09","date_gmt":"2023-07-19T20:04:09","guid":{"rendered":"https:\/\/www.repstronics.com\/?post_type=product&#038;p=7679"},"modified":"2026-02-26T11:29:10","modified_gmt":"2026-02-26T17:29:10","slug":"herramienta-manual-y-ergonomica-para-cinchos","status":"publish","type":"product","link":"https:\/\/www.repstronics.com\/en\/product\/herramienta-manual-y-ergonomica-para-cinchos\/","title":{"rendered":"Herramienta Manual Ergon\u00f3mica Panduit GTS-E para instalaci\u00f3n de cinchos"},"content":{"rendered":"<ul>\n<li><span style=\"color: #000000;\" data-sheets-value=\"{&quot;1&quot;:2,&quot;2&quot;:&quot;- Color gris oscuro con detalles en negro.\\n- Tama\u00f1o: 7.82&quot; x 1.32 &quot;.\\n- F\u00e1cil de operar\\n- Tensi\u00f3n controlada \\n- Carcasa fabricada con resina de pl\u00e1stico modificada para resistir impactos.\\n- Dise\u00f1ado para minimizar el impacto o la vibraci\u00f3n transmitida a la mano del instalador durante el proceso de corte. &quot;}\" data-sheets-userformat=\"{&quot;2&quot;:9089,&quot;3&quot;:{&quot;1&quot;:0},&quot;10&quot;:1,&quot;11&quot;:4,&quot;12&quot;:0,&quot;16&quot;:9}\">Color: Dark Gray, Black<br \/>\n<\/span><\/li>\n<li><span style=\"color: #000000;\" data-sheets-value=\"{&quot;1&quot;:2,&quot;2&quot;:&quot;- Color gris oscuro con detalles en negro.\\n- Tama\u00f1o: 7.82&quot; x 1.32 &quot;.\\n- F\u00e1cil de operar\\n- Tensi\u00f3n controlada \\n- Carcasa fabricada con resina de pl\u00e1stico modificada para resistir impactos.\\n- Dise\u00f1ado para minimizar el impacto o la vibraci\u00f3n transmitida a la mano del instalador durante el proceso de corte. &quot;}\" data-sheets-userformat=\"{&quot;2&quot;:9089,&quot;3&quot;:{&quot;1&quot;:0},&quot;10&quot;:1,&quot;11&quot;:4,&quot;12&quot;:0,&quot;16&quot;:9}\">Size: 7.82\u2033 x 1.32 \u201c.<br \/>\n<\/span><\/li>\n<li><span style=\"color: #000000;\" data-sheets-value=\"{&quot;1&quot;:2,&quot;2&quot;:&quot;- Color gris oscuro con detalles en negro.\\n- Tama\u00f1o: 7.82&quot; x 1.32 &quot;.\\n- F\u00e1cil de operar\\n- Tensi\u00f3n controlada \\n- Carcasa fabricada con resina de pl\u00e1stico modificada para resistir impactos.\\n- Dise\u00f1ado para minimizar el impacto o la vibraci\u00f3n transmitida a la mano del instalador durante el proceso de corte. &quot;}\" data-sheets-userformat=\"{&quot;2&quot;:9089,&quot;3&quot;:{&quot;1&quot;:0},&quot;10&quot;:1,&quot;11&quot;:4,&quot;12&quot;:0,&quot;16&quot;:9}\">Easy to operate<br \/>\n<\/span><\/li>\n<li><span style=\"color: #000000;\" data-sheets-value=\"{&quot;1&quot;:2,&quot;2&quot;:&quot;- Color gris oscuro con detalles en negro.\\n- Tama\u00f1o: 7.82&quot; x 1.32 &quot;.\\n- F\u00e1cil de operar\\n- Tensi\u00f3n controlada \\n- Carcasa fabricada con resina de pl\u00e1stico modificada para resistir impactos.\\n- Dise\u00f1ado para minimizar el impacto o la vibraci\u00f3n transmitida a la mano del instalador durante el proceso de corte. &quot;}\" data-sheets-userformat=\"{&quot;2&quot;:9089,&quot;3&quot;:{&quot;1&quot;:0},&quot;10&quot;:1,&quot;11&quot;:4,&quot;12&quot;:0,&quot;16&quot;:9}\">Tool-controlled tension<br \/>\n<\/span><\/li>\n<li><span style=\"color: #000000;\" data-sheets-value=\"{&quot;1&quot;:2,&quot;2&quot;:&quot;- Color gris oscuro con detalles en negro.\\n- Tama\u00f1o: 7.82&quot; x 1.32 &quot;.\\n- F\u00e1cil de operar\\n- Tensi\u00f3n controlada \\n- Carcasa fabricada con resina de pl\u00e1stico modificada para resistir impactos.\\n- Dise\u00f1ado para minimizar el impacto o la vibraci\u00f3n transmitida a la mano del instalador durante el proceso de corte. &quot;}\" data-sheets-userformat=\"{&quot;2&quot;:9089,&quot;3&quot;:{&quot;1&quot;:0},&quot;10&quot;:1,&quot;11&quot;:4,&quot;12&quot;:0,&quot;16&quot;:9}\">Tool housing is made of impact modified plastic resin.<br \/>\n<\/span><\/li>\n<li><span style=\"color: #000000;\" data-sheets-value=\"{&quot;1&quot;:2,&quot;2&quot;:&quot;- Color gris oscuro con detalles en negro.\\n- Tama\u00f1o: 7.82&quot; x 1.32 &quot;.\\n- F\u00e1cil de operar\\n- Tensi\u00f3n controlada \\n- Carcasa fabricada con resina de pl\u00e1stico modificada para resistir impactos.\\n- Dise\u00f1ado para minimizar el impacto o la vibraci\u00f3n transmitida a la mano del instalador durante el proceso de corte. &quot;}\" data-sheets-userformat=\"{&quot;2&quot;:9089,&quot;3&quot;:{&quot;1&quot;:0},&quot;10&quot;:1,&quot;11&quot;:4,&quot;12&quot;:0,&quot;16&quot;:9}\">Low handle force is required to cut-off the cable tie, Improved cable tie cut-off mechanism minimizes the impact to the installer's hand <\/span><\/li>\n<\/ul>","protected":false},"excerpt":{"rendered":"<p><span data-sheets-value=\"{&quot;1&quot;:2,&quot;2&quot;:&quot;Herramienta manual utilizada para aplicar y ajustar sujetacables. Est\u00e1 dise\u00f1ado para trabajar con los sujetacables de tipo GTS-E.nnLa tensi\u00f3n controlada por la herramienta brinda corte a ras, acelera la instalaci\u00f3n y reduce los costos de instalaci\u00f3n. Seguridad para el trabajador, menos tiempo de inactividad y m\u00e1s productividad. Para bridas con secci\u00f3n transversal est\u00e1ndar, intermedia, miniatura y subminiatura. Perilla selectora y mango con gatillo negro con carcasa de pl\u00e1stico gris oscuro. 10.4 oz (294.5 g).&quot;}\" data-sheets-userformat=\"{&quot;2&quot;:9089,&quot;3&quot;:{&quot;1&quot;:0},&quot;10&quot;:1,&quot;11&quot;:4,&quot;12&quot;:0,&quot;16&quot;:9}\">Herramienta manual utilizada para aplicar y ajustar cinchos. Est\u00e1 dise\u00f1ado para trabajar con los cinchos de tipo GTS-E.<\/span><\/p>\n<p>The GTS-E Ergonomic Cable Tie Hand Tool is easy to operate and has tool-controlled tension that provides a flush cut-off and speeds up installation to lower installed cost. Promotes worker safety, reduces downtime, and increases productivity. For Subminiature, Miniature, Intermediate, and Standard Cross Section Cable Ties. Black trigger handle and selector knob with dark gray plastic housing. Weight, 10.4 ounces (294.5 g).<\/p>","protected":false},"featured_media":6112,"comment_status":"open","ping_status":"closed","template":"","meta":{"_acf_changed":false},"pwb-brand":[84],"product_brand":[],"product_cat":[134],"product_tag":[],"soluciones":[26],"class_list":{"0":"post-7679","1":"product","2":"type-product","3":"status-publish","4":"has-post-thumbnail","6":"pwb-brand-panduit","7":"product_cat-herramienta","8":"product_shipping_class-producto-pequeno","9":"soluciones-mro","11":"first","12":"outofstock","13":"taxable","14":"shipping-taxable","15":"product-type-simple"},"acf":[],"yoast_head":"<!-- This site is optimized with the Yoast SEO plugin v27.3 - https:\/\/yoast.com\/product\/yoast-seo-wordpress\/ -->\n<title>Herramienta Manual Ergon\u00f3mica Panduit GTS-E para instalaci\u00f3n de cinchos | Repstronics<\/title>\n<meta name=\"description\" content=\"Herramienta manual utilizada para aplicar y ajustar cinchos. Est\u00e1 dise\u00f1ado para trabajar con los cinchos de tipo GTS-E.\" \/>\n<meta name=\"robots\" content=\"index, follow, max-snippet:-1, max-image-preview:large, max-video-preview:-1\" \/>\n<link rel=\"canonical\" href=\"https:\/\/www.repstronics.com\/en\/product\/herramienta-manual-y-ergonomica-para-cinchos\/\" \/>\n<meta property=\"og:locale\" content=\"en_US\" \/>\n<meta property=\"og:type\" content=\"article\" \/>\n<meta property=\"og:title\" content=\"Herramienta Manual Ergon\u00f3mica Panduit GTS-E para instalaci\u00f3n de cinchos | Repstronics\" \/>\n<meta property=\"og:description\" content=\"Herramienta manual utilizada para aplicar y ajustar cinchos. Est\u00e1 dise\u00f1ado para trabajar con los cinchos de tipo GTS-E.\" \/>\n<meta property=\"og:url\" content=\"https:\/\/www.repstronics.com\/en\/product\/herramienta-manual-y-ergonomica-para-cinchos\/\" \/>\n<meta property=\"og:site_name\" content=\"Repstronics\" \/>\n<meta property=\"article:modified_time\" content=\"2026-02-26T17:29:10+00:00\" \/>\n<meta property=\"og:image\" content=\"https:\/\/www.repstronics.com\/wp-content\/uploads\/2023\/05\/PANDUIT-Herramienta-manual-para-brida-GTS-E.jpg\" \/>\n\t<meta property=\"og:image:width\" content=\"1000\" \/>\n\t<meta property=\"og:image:height\" content=\"1000\" \/>\n\t<meta property=\"og:image:type\" content=\"image\/jpeg\" \/>\n<meta name=\"twitter:card\" content=\"summary_large_image\" \/>\n<meta name=\"twitter:label1\" content=\"Est. reading time\" \/>\n\t<meta name=\"twitter:data1\" content=\"1 minute\" \/>\n<script type=\"application\/ld+json\" class=\"yoast-schema-graph\">{\"@context\":\"https:\\\/\\\/schema.org\",\"@graph\":[{\"@type\":\"WebPage\",\"@id\":\"https:\\\/\\\/www.repstronics.com\\\/producto\\\/herramienta-manual-y-ergonomica-para-cinchos\\\/\",\"url\":\"https:\\\/\\\/www.repstronics.com\\\/producto\\\/herramienta-manual-y-ergonomica-para-cinchos\\\/\",\"name\":\"Herramienta Manual Ergon\u00f3mica Panduit GTS-E para instalaci\u00f3n de cinchos | Repstronics\",\"isPartOf\":{\"@id\":\"https:\\\/\\\/www.repstronics.com\\\/#website\"},\"primaryImageOfPage\":{\"@id\":\"https:\\\/\\\/www.repstronics.com\\\/producto\\\/herramienta-manual-y-ergonomica-para-cinchos\\\/#primaryimage\"},\"image\":{\"@id\":\"https:\\\/\\\/www.repstronics.com\\\/producto\\\/herramienta-manual-y-ergonomica-para-cinchos\\\/#primaryimage\"},\"thumbnailUrl\":\"https:\\\/\\\/www.repstronics.com\\\/wp-content\\\/uploads\\\/2023\\\/05\\\/PANDUIT-Herramienta-manual-para-brida-GTS-E.jpg\",\"datePublished\":\"2023-07-19T20:04:09+00:00\",\"dateModified\":\"2026-02-26T17:29:10+00:00\",\"description\":\"Herramienta manual utilizada para aplicar y ajustar cinchos. Est\u00e1 dise\u00f1ado para trabajar con los cinchos de tipo GTS-E.\",\"breadcrumb\":{\"@id\":\"https:\\\/\\\/www.repstronics.com\\\/producto\\\/herramienta-manual-y-ergonomica-para-cinchos\\\/#breadcrumb\"},\"inLanguage\":\"en-US\",\"potentialAction\":[{\"@type\":\"ReadAction\",\"target\":[\"https:\\\/\\\/www.repstronics.com\\\/producto\\\/herramienta-manual-y-ergonomica-para-cinchos\\\/\"]}]},{\"@type\":\"ImageObject\",\"inLanguage\":\"en-US\",\"@id\":\"https:\\\/\\\/www.repstronics.com\\\/producto\\\/herramienta-manual-y-ergonomica-para-cinchos\\\/#primaryimage\",\"url\":\"https:\\\/\\\/www.repstronics.com\\\/wp-content\\\/uploads\\\/2023\\\/05\\\/PANDUIT-Herramienta-manual-para-brida-GTS-E.jpg\",\"contentUrl\":\"https:\\\/\\\/www.repstronics.com\\\/wp-content\\\/uploads\\\/2023\\\/05\\\/PANDUIT-Herramienta-manual-para-brida-GTS-E.jpg\",\"width\":1000,\"height\":1000},{\"@type\":\"BreadcrumbList\",\"@id\":\"https:\\\/\\\/www.repstronics.com\\\/producto\\\/herramienta-manual-y-ergonomica-para-cinchos\\\/#breadcrumb\",\"itemListElement\":[{\"@type\":\"ListItem\",\"position\":1,\"name\":\"Inicio\",\"item\":\"https:\\\/\\\/www.repstronics.com\\\/\"},{\"@type\":\"ListItem\",\"position\":2,\"name\":\"Shop\",\"item\":\"https:\\\/\\\/www.repstronics.com\\\/shop\\\/\"},{\"@type\":\"ListItem\",\"position\":3,\"name\":\"Herramienta Manual Ergon\u00f3mica Panduit GTS-E para instalaci\u00f3n de cinchos\"}]},{\"@type\":\"WebSite\",\"@id\":\"https:\\\/\\\/www.repstronics.com\\\/#website\",\"url\":\"https:\\\/\\\/www.repstronics.com\\\/\",\"name\":\"Repstronics\",\"description\":\"Soluciones de Manufactura\",\"publisher\":{\"@id\":\"https:\\\/\\\/www.repstronics.com\\\/#organization\"},\"potentialAction\":[{\"@type\":\"SearchAction\",\"target\":{\"@type\":\"EntryPoint\",\"urlTemplate\":\"https:\\\/\\\/www.repstronics.com\\\/?s={search_term_string}\"},\"query-input\":{\"@type\":\"PropertyValueSpecification\",\"valueRequired\":true,\"valueName\":\"search_term_string\"}}],\"inLanguage\":\"en-US\"},{\"@type\":\"Organization\",\"@id\":\"https:\\\/\\\/www.repstronics.com\\\/#organization\",\"name\":\"Repstronics\",\"url\":\"https:\\\/\\\/www.repstronics.com\\\/\",\"logo\":{\"@type\":\"ImageObject\",\"inLanguage\":\"en-US\",\"@id\":\"https:\\\/\\\/www.repstronics.com\\\/#\\\/schema\\\/logo\\\/image\\\/\",\"url\":\"https:\\\/\\\/www.repstronics.com\\\/wp-content\\\/uploads\\\/2021\\\/08\\\/reps-logo-100.jpg\",\"contentUrl\":\"https:\\\/\\\/www.repstronics.com\\\/wp-content\\\/uploads\\\/2021\\\/08\\\/reps-logo-100.jpg\",\"width\":201,\"height\":108,\"caption\":\"Repstronics\"},\"image\":{\"@id\":\"https:\\\/\\\/www.repstronics.com\\\/#\\\/schema\\\/logo\\\/image\\\/\"}}]}<\/script>\n<!-- \/ Yoast SEO plugin. -->","yoast_head_json":{"title":"Herramienta Manual Ergon\u00f3mica Panduit GTS-E para instalaci\u00f3n de cinchos | Repstronics","description":"Herramienta manual utilizada para aplicar y ajustar cinchos. Est\u00e1 dise\u00f1ado para trabajar con los cinchos de tipo GTS-E.","robots":{"index":"index","follow":"follow","max-snippet":"max-snippet:-1","max-image-preview":"max-image-preview:large","max-video-preview":"max-video-preview:-1"},"canonical":"https:\/\/www.repstronics.com\/en\/product\/herramienta-manual-y-ergonomica-para-cinchos\/","og_locale":"en_US","og_type":"article","og_title":"Herramienta Manual Ergon\u00f3mica Panduit GTS-E para instalaci\u00f3n de cinchos | Repstronics","og_description":"Herramienta manual utilizada para aplicar y ajustar cinchos. Est\u00e1 dise\u00f1ado para trabajar con los cinchos de tipo GTS-E.","og_url":"https:\/\/www.repstronics.com\/en\/product\/herramienta-manual-y-ergonomica-para-cinchos\/","og_site_name":"Repstronics","article_modified_time":"2026-02-26T17:29:10+00:00","og_image":[{"width":1000,"height":1000,"url":"https:\/\/www.repstronics.com\/wp-content\/uploads\/2023\/05\/PANDUIT-Herramienta-manual-para-brida-GTS-E.jpg","type":"image\/jpeg"}],"twitter_card":"summary_large_image","twitter_misc":{"Est. reading time":"1 minute"},"schema":{"@context":"https:\/\/schema.org","@graph":[{"@type":"WebPage","@id":"https:\/\/www.repstronics.com\/producto\/herramienta-manual-y-ergonomica-para-cinchos\/","url":"https:\/\/www.repstronics.com\/producto\/herramienta-manual-y-ergonomica-para-cinchos\/","name":"Herramienta Manual Ergon\u00f3mica Panduit GTS-E para instalaci\u00f3n de cinchos | Repstronics","isPartOf":{"@id":"https:\/\/www.repstronics.com\/#website"},"primaryImageOfPage":{"@id":"https:\/\/www.repstronics.com\/producto\/herramienta-manual-y-ergonomica-para-cinchos\/#primaryimage"},"image":{"@id":"https:\/\/www.repstronics.com\/producto\/herramienta-manual-y-ergonomica-para-cinchos\/#primaryimage"},"thumbnailUrl":"https:\/\/www.repstronics.com\/wp-content\/uploads\/2023\/05\/PANDUIT-Herramienta-manual-para-brida-GTS-E.jpg","datePublished":"2023-07-19T20:04:09+00:00","dateModified":"2026-02-26T17:29:10+00:00","description":"Herramienta manual utilizada para aplicar y ajustar cinchos. Est\u00e1 dise\u00f1ado para trabajar con los cinchos de tipo GTS-E.","breadcrumb":{"@id":"https:\/\/www.repstronics.com\/producto\/herramienta-manual-y-ergonomica-para-cinchos\/#breadcrumb"},"inLanguage":"en-US","potentialAction":[{"@type":"ReadAction","target":["https:\/\/www.repstronics.com\/producto\/herramienta-manual-y-ergonomica-para-cinchos\/"]}]},{"@type":"ImageObject","inLanguage":"en-US","@id":"https:\/\/www.repstronics.com\/producto\/herramienta-manual-y-ergonomica-para-cinchos\/#primaryimage","url":"https:\/\/www.repstronics.com\/wp-content\/uploads\/2023\/05\/PANDUIT-Herramienta-manual-para-brida-GTS-E.jpg","contentUrl":"https:\/\/www.repstronics.com\/wp-content\/uploads\/2023\/05\/PANDUIT-Herramienta-manual-para-brida-GTS-E.jpg","width":1000,"height":1000},{"@type":"BreadcrumbList","@id":"https:\/\/www.repstronics.com\/producto\/herramienta-manual-y-ergonomica-para-cinchos\/#breadcrumb","itemListElement":[{"@type":"ListItem","position":1,"name":"Inicio","item":"https:\/\/www.repstronics.com\/"},{"@type":"ListItem","position":2,"name":"Shop","item":"https:\/\/www.repstronics.com\/shop\/"},{"@type":"ListItem","position":3,"name":"Herramienta Manual Ergon\u00f3mica Panduit GTS-E para instalaci\u00f3n de cinchos"}]},{"@type":"WebSite","@id":"https:\/\/www.repstronics.com\/#website","url":"https:\/\/www.repstronics.com\/","name":"Repstronics","description":"Soluciones de Manufactura","publisher":{"@id":"https:\/\/www.repstronics.com\/#organization"},"potentialAction":[{"@type":"SearchAction","target":{"@type":"EntryPoint","urlTemplate":"https:\/\/www.repstronics.com\/?s={search_term_string}"},"query-input":{"@type":"PropertyValueSpecification","valueRequired":true,"valueName":"search_term_string"}}],"inLanguage":"en-US"},{"@type":"Organization","@id":"https:\/\/www.repstronics.com\/#organization","name":"Repstronics","url":"https:\/\/www.repstronics.com\/","logo":{"@type":"ImageObject","inLanguage":"en-US","@id":"https:\/\/www.repstronics.com\/#\/schema\/logo\/image\/","url":"https:\/\/www.repstronics.com\/wp-content\/uploads\/2021\/08\/reps-logo-100.jpg","contentUrl":"https:\/\/www.repstronics.com\/wp-content\/uploads\/2021\/08\/reps-logo-100.jpg","width":201,"height":108,"caption":"Repstronics"},"image":{"@id":"https:\/\/www.repstronics.com\/#\/schema\/logo\/image\/"}}]}},"brands":[{"id":84,"name":"PANDUIT","slug":"panduit"}],"_links":{"self":[{"href":"https:\/\/www.repstronics.com\/en\/wp-json\/wp\/v2\/product\/7679","targetHints":{"allow":["GET"]}}],"collection":[{"href":"https:\/\/www.repstronics.com\/en\/wp-json\/wp\/v2\/product"}],"about":[{"href":"https:\/\/www.repstronics.com\/en\/wp-json\/wp\/v2\/types\/product"}],"replies":[{"embeddable":true,"href":"https:\/\/www.repstronics.com\/en\/wp-json\/wp\/v2\/comments?post=7679"}],"wp:featuredmedia":[{"embeddable":true,"href":"https:\/\/www.repstronics.com\/en\/wp-json\/wp\/v2\/media\/6112"}],"wp:attachment":[{"href":"https:\/\/www.repstronics.com\/en\/wp-json\/wp\/v2\/media?parent=7679"}],"wp:term":[{"taxonomy":"pwb-brand","embeddable":true,"href":"https:\/\/www.repstronics.com\/en\/wp-json\/wp\/v2\/pwb-brand?post=7679"},{"taxonomy":"product_brand","embeddable":true,"href":"https:\/\/www.repstronics.com\/en\/wp-json\/wp\/v2\/product_brand?post=7679"},{"taxonomy":"product_cat","embeddable":true,"href":"https:\/\/www.repstronics.com\/en\/wp-json\/wp\/v2\/product_cat?post=7679"},{"taxonomy":"product_tag","embeddable":true,"href":"https:\/\/www.repstronics.com\/en\/wp-json\/wp\/v2\/product_tag?post=7679"},{"taxonomy":"soluciones","embeddable":true,"href":"https:\/\/www.repstronics.com\/en\/wp-json\/wp\/v2\/soluciones?post=7679"}],"curies":[{"name":"wp","href":"https:\/\/api.w.org\/{rel}","templated":true}]}}