{"id":7671,"date":"2023-07-19T14:04:09","date_gmt":"2023-07-19T20:04:09","guid":{"rendered":"https:\/\/www.repstronics.com\/?post_type=product&#038;p=7671"},"modified":"2026-02-26T11:33:39","modified_gmt":"2026-02-26T17:33:39","slug":"cincho-de-bloqueo-3-9l-99mm-nylon-6-6-natural","status":"publish","type":"product","link":"https:\/\/www.repstronics.com\/en\/product\/cincho-de-bloqueo-3-9l-99mm-nylon-6-6-natural\/","title":{"rendered":"Cincho de bloqueo Panduit PLT1M-M, 3.9L (99mm), Nylon 6.6, Natural, Paquete de 1,000 piezas"},"content":{"rendered":"<ul>\n<li><span style=\"color: #000000;\" data-sheets-value=\"{&quot;1&quot;:2,&quot;2&quot;:&quot;- Longitud del cinchos: 3.9 pulgadas (aproximadamente 9.9 cent\u00edmetros).\\n- Resistencia a la tracci\u00f3n: 18 libras (aproximadamente 8.2 kilogramos).\\n- Puede soportar una fuerza de hasta 18 libras antes de romperse.\\n- Est\u00e1n dise\u00f1ados para uso en interiores\\n- Fabricados con Nylon 6.6 (material duradero y resistente) \\n- Color natural\\n- Compatible con: GTS-E, GS2B-E, PTS, PPTS, STS2\\n- Cuenta con una pieza de bloqueo en forma de cu\u00f1a que brinda un rendimiento y confiabilidad consistentes. \\n- Requiere una baja fuerza de enroscado para facilitar su instalaci\u00f3n y ofrece una alta resistencia a la tracci\u00f3n en su lazo.r\\n&quot;}\" data-sheets-userformat=\"{&quot;2&quot;:9089,&quot;3&quot;:{&quot;1&quot;:0},&quot;10&quot;:1,&quot;11&quot;:4,&quot;12&quot;:0,&quot;16&quot;:9}\">Overall Length: 3.9 In. (99 mm)<br \/>\n<\/span><\/li>\n<li><span style=\"color: #000000;\" data-sheets-value=\"{&quot;1&quot;:2,&quot;2&quot;:&quot;- Longitud del cinchos: 3.9 pulgadas (aproximadamente 9.9 cent\u00edmetros).\\n- Resistencia a la tracci\u00f3n: 18 libras (aproximadamente 8.2 kilogramos).\\n- Puede soportar una fuerza de hasta 18 libras antes de romperse.\\n- Est\u00e1n dise\u00f1ados para uso en interiores\\n- Fabricados con Nylon 6.6 (material duradero y resistente) \\n- Color natural\\n- Compatible con: GTS-E, GS2B-E, PTS, PPTS, STS2\\n- Cuenta con una pieza de bloqueo en forma de cu\u00f1a que brinda un rendimiento y confiabilidad consistentes. \\n- Requiere una baja fuerza de enroscado para facilitar su instalaci\u00f3n y ofrece una alta resistencia a la tracci\u00f3n en su lazo.r\\n&quot;}\" data-sheets-userformat=\"{&quot;2&quot;:9089,&quot;3&quot;:{&quot;1&quot;:0},&quot;10&quot;:1,&quot;11&quot;:4,&quot;12&quot;:0,&quot;16&quot;:9}\">Resistencia a la tracci\u00f3n: 18 libras (aproximadamente 8.2 kilogramos).<br \/>\n<\/span><\/li>\n<li><span style=\"color: #000000;\" data-sheets-value=\"{&quot;1&quot;:2,&quot;2&quot;:&quot;- Longitud del cinchos: 3.9 pulgadas (aproximadamente 9.9 cent\u00edmetros).\\n- Resistencia a la tracci\u00f3n: 18 libras (aproximadamente 8.2 kilogramos).\\n- Puede soportar una fuerza de hasta 18 libras antes de romperse.\\n- Est\u00e1n dise\u00f1ados para uso en interiores\\n- Fabricados con Nylon 6.6 (material duradero y resistente) \\n- Color natural\\n- Compatible con: GTS-E, GS2B-E, PTS, PPTS, STS2\\n- Cuenta con una pieza de bloqueo en forma de cu\u00f1a que brinda un rendimiento y confiabilidad consistentes. \\n- Requiere una baja fuerza de enroscado para facilitar su instalaci\u00f3n y ofrece una alta resistencia a la tracci\u00f3n en su lazo.r\\n&quot;}\" data-sheets-userformat=\"{&quot;2&quot;:9089,&quot;3&quot;:{&quot;1&quot;:0},&quot;10&quot;:1,&quot;11&quot;:4,&quot;12&quot;:0,&quot;16&quot;:9}\">Minimum Loop Tensile Strength: 18 lb.<br \/>\n<\/span><\/li>\n<li><span style=\"color: #000000;\" data-sheets-value=\"{&quot;1&quot;:2,&quot;2&quot;:&quot;- Longitud del cinchos: 3.9 pulgadas (aproximadamente 9.9 cent\u00edmetros).\\n- Resistencia a la tracci\u00f3n: 18 libras (aproximadamente 8.2 kilogramos).\\n- Puede soportar una fuerza de hasta 18 libras antes de romperse.\\n- Est\u00e1n dise\u00f1ados para uso en interiores\\n- Fabricados con Nylon 6.6 (material duradero y resistente) \\n- Color natural\\n- Compatible con: GTS-E, GS2B-E, PTS, PPTS, STS2\\n- Cuenta con una pieza de bloqueo en forma de cu\u00f1a que brinda un rendimiento y confiabilidad consistentes. \\n- Requiere una baja fuerza de enroscado para facilitar su instalaci\u00f3n y ofrece una alta resistencia a la tracci\u00f3n en su lazo.r\\n&quot;}\" data-sheets-userformat=\"{&quot;2&quot;:9089,&quot;3&quot;:{&quot;1&quot;:0},&quot;10&quot;:1,&quot;11&quot;:4,&quot;12&quot;:0,&quot;16&quot;:9}\">For indoor use.<br \/>\nMade of Nylon 6.6<br \/>\n<\/span><\/li>\n<li><span style=\"color: #000000;\" data-sheets-value=\"{&quot;1&quot;:2,&quot;2&quot;:&quot;- Longitud del cinchos: 3.9 pulgadas (aproximadamente 9.9 cent\u00edmetros).\\n- Resistencia a la tracci\u00f3n: 18 libras (aproximadamente 8.2 kilogramos).\\n- Puede soportar una fuerza de hasta 18 libras antes de romperse.\\n- Est\u00e1n dise\u00f1ados para uso en interiores\\n- Fabricados con Nylon 6.6 (material duradero y resistente) \\n- Color natural\\n- Compatible con: GTS-E, GS2B-E, PTS, PPTS, STS2\\n- Cuenta con una pieza de bloqueo en forma de cu\u00f1a que brinda un rendimiento y confiabilidad consistentes. \\n- Requiere una baja fuerza de enroscado para facilitar su instalaci\u00f3n y ofrece una alta resistencia a la tracci\u00f3n en su lazo.r\\n&quot;}\" data-sheets-userformat=\"{&quot;2&quot;:9089,&quot;3&quot;:{&quot;1&quot;:0},&quot;10&quot;:1,&quot;11&quot;:4,&quot;12&quot;:0,&quot;16&quot;:9}\">Are natural in color<br \/>\n<\/span><\/li>\n<li><span style=\"color: #000000;\" data-sheets-value=\"{&quot;1&quot;:2,&quot;2&quot;:&quot;- Longitud del cinchos: 3.9 pulgadas (aproximadamente 9.9 cent\u00edmetros).\\n- Resistencia a la tracci\u00f3n: 18 libras (aproximadamente 8.2 kilogramos).\\n- Puede soportar una fuerza de hasta 18 libras antes de romperse.\\n- Est\u00e1n dise\u00f1ados para uso en interiores\\n- Fabricados con Nylon 6.6 (material duradero y resistente) \\n- Color natural\\n- Compatible con: GTS-E, GS2B-E, PTS, PPTS, STS2\\n- Cuenta con una pieza de bloqueo en forma de cu\u00f1a que brinda un rendimiento y confiabilidad consistentes. \\n- Requiere una baja fuerza de enroscado para facilitar su instalaci\u00f3n y ofrece una alta resistencia a la tracci\u00f3n en su lazo.r\\n&quot;}\" data-sheets-userformat=\"{&quot;2&quot;:9089,&quot;3&quot;:{&quot;1&quot;:0},&quot;10&quot;:1,&quot;11&quot;:4,&quot;12&quot;:0,&quot;16&quot;:9}\">For use with: GTS-E, GS2B-E, PTS, PPTS, STS2.<br \/>\n<\/span><\/li>\n<li><span style=\"color: #000000;\" data-sheets-value=\"{&quot;1&quot;:2,&quot;2&quot;:&quot;- Longitud del cinchos: 3.9 pulgadas (aproximadamente 9.9 cent\u00edmetros).\\n- Resistencia a la tracci\u00f3n: 18 libras (aproximadamente 8.2 kilogramos).\\n- Puede soportar una fuerza de hasta 18 libras antes de romperse.\\n- Est\u00e1n dise\u00f1ados para uso en interiores\\n- Fabricados con Nylon 6.6 (material duradero y resistente) \\n- Color natural\\n- Compatible con: GTS-E, GS2B-E, PTS, PPTS, STS2\\n- Cuenta con una pieza de bloqueo en forma de cu\u00f1a que brinda un rendimiento y confiabilidad consistentes. \\n- Requiere una baja fuerza de enroscado para facilitar su instalaci\u00f3n y ofrece una alta resistencia a la tracci\u00f3n en su lazo.r\\n&quot;}\" data-sheets-userformat=\"{&quot;2&quot;:9089,&quot;3&quot;:{&quot;1&quot;:0},&quot;10&quot;:1,&quot;11&quot;:4,&quot;12&quot;:0,&quot;16&quot;:9}\">One-piece locking wedge for consistent performance and reliability.<br \/>\n<\/span><\/li>\n<li><span data-sheets-value=\"{&quot;1&quot;:2,&quot;2&quot;:&quot;- Longitud del cinchos: 3.9 pulgadas (aproximadamente 9.9 cent\u00edmetros).\\n- Resistencia a la tracci\u00f3n: 18 libras (aproximadamente 8.2 kilogramos).\\n- Puede soportar una fuerza de hasta 18 libras antes de romperse.\\n- Est\u00e1n dise\u00f1ados para uso en interiores\\n- Fabricados con Nylon 6.6 (material duradero y resistente) \\n- Color natural\\n- Compatible con: GTS-E, GS2B-E, PTS, PPTS, STS2\\n- Cuenta con una pieza de bloqueo en forma de cu\u00f1a que brinda un rendimiento y confiabilidad consistentes. \\n- Requiere una baja fuerza de enroscado para facilitar su instalaci\u00f3n y ofrece una alta resistencia a la tracci\u00f3n en su lazo.r\\n&quot;}\" data-sheets-userformat=\"{&quot;2&quot;:9089,&quot;3&quot;:{&quot;1&quot;:0},&quot;10&quot;:1,&quot;11&quot;:4,&quot;12&quot;:0,&quot;16&quot;:9}\"><span style=\"color: #000000;\">Low thread force and high loop tensile strength.<\/span><br \/>\n<\/span><\/li>\n<\/ul>\n<p><iframe id=\"zShareTpcCheck\" style=\"display: none;\" src=\"chrome-extension:\/\/ddafdejlekcmnafgnbllcfkebabhabcl\/html\/tpc.html\"><\/iframe><span id=\"zoho_button_ext\" style=\"display: none; position: absolute; z-index: 99999999; width: 80px; height: 31px; background-image: url('chrome-extension:\/\/ddafdejlekcmnafgnbllcfkebabhabcl\/images\/zshare.png'); background-size: 80px 31px; opacity: 0.9; cursor: pointer; top: 0px; left: 0px;\"><\/span><\/p>","protected":false},"excerpt":{"rendered":"<p><span style=\"color: #000000;\" data-sheets-value=\"{&quot;1&quot;:2,&quot;2&quot;:&quot;Cincho fabricado con un material llamado PA6.6, que es una poliamida (nylon) de alta calidad y resistencia.nnGracias a la punta curva, el levantamiento desde las superficies planas es f\u00e1cil y el enroscamiento inicial es m\u00e1s r\u00e1pido.nnSecci\u00f3n transversal miniatura, 3.9&quot; (99mm) de largo. &quot;}\" data-sheets-userformat=\"{&quot;2&quot;:9089,&quot;3&quot;:{&quot;1&quot;:0},&quot;10&quot;:1,&quot;11&quot;:4,&quot;12&quot;:0,&quot;16&quot;:9}\">Panduit PLT1M-M Locking Cable Ties are designed to satisfy the needs of general applications, while delivering consistent performance and reliability.<br \/>\nFeaturing a curved tip to allow for easy pick up from flat surfaces and faster initial threading.<br \/>\nMiniature cross section, 3.9\u201d (99mm) length. <\/span><\/p>\n<p><iframe id=\"zShareTpcCheck\" style=\"display: none;\" src=\"chrome-extension:\/\/ddafdejlekcmnafgnbllcfkebabhabcl\/html\/tpc.html\"><\/iframe><span id=\"zoho_button_ext\" style=\"display: none; position: absolute; z-index: 99999999; width: 80px; height: 31px; background-image: url('chrome-extension:\/\/ddafdejlekcmnafgnbllcfkebabhabcl\/images\/zshare.png'); background-size: 80px 31px; opacity: 0.9; cursor: pointer; top: 0px; left: 0px;\"><\/span><\/p>","protected":false},"featured_media":6139,"comment_status":"open","ping_status":"closed","template":"","meta":{"_acf_changed":false},"pwb-brand":[84],"product_brand":[],"product_cat":[127],"product_tag":[],"soluciones":[26],"class_list":{"0":"post-7671","1":"product","2":"type-product","3":"status-publish","4":"has-post-thumbnail","6":"pwb-brand-panduit","7":"product_cat-accesorios","8":"product_shipping_class-producto-pequeno","9":"soluciones-mro","11":"first","12":"outofstock","13":"taxable","14":"shipping-taxable","15":"product-type-simple"},"acf":[],"yoast_head":"<!-- This site is optimized with the Yoast SEO plugin v27.3 - https:\/\/yoast.com\/product\/yoast-seo-wordpress\/ -->\n<title>Cincho de bloqueo Panduit PLT1M-M, 3.9L (99mm), Nylon 6.6, Natural, Paquete de 1,000 piezas | Repstronics<\/title>\n<meta name=\"description\" content=\"Cincho fabricado con un material llamado PA6.6, que es una poliamida (nylon) de alta calidad y resistencia. Gracias a la punta curva, el levantamiento desde las superficies planas es f\u00e1cil y el enroscamiento inicial es m\u00e1s r\u00e1pido.\" \/>\n<meta name=\"robots\" content=\"index, follow, max-snippet:-1, max-image-preview:large, max-video-preview:-1\" \/>\n<link rel=\"canonical\" href=\"https:\/\/www.repstronics.com\/en\/product\/cincho-de-bloqueo-3-9l-99mm-nylon-6-6-natural\/\" \/>\n<meta property=\"og:locale\" content=\"en_US\" \/>\n<meta property=\"og:type\" content=\"article\" \/>\n<meta property=\"og:title\" content=\"Cincho de bloqueo Panduit PLT1M-M, 3.9L (99mm), Nylon 6.6, Natural, Paquete de 1,000 piezas | Repstronics\" \/>\n<meta property=\"og:description\" content=\"Cincho fabricado con un material llamado PA6.6, que es una poliamida (nylon) de alta calidad y resistencia. Gracias a la punta curva, el levantamiento desde las superficies planas es f\u00e1cil y el enroscamiento inicial es m\u00e1s r\u00e1pido.\" \/>\n<meta property=\"og:url\" content=\"https:\/\/www.repstronics.com\/en\/product\/cincho-de-bloqueo-3-9l-99mm-nylon-6-6-natural\/\" \/>\n<meta property=\"og:site_name\" content=\"Repstronics\" \/>\n<meta property=\"article:modified_time\" content=\"2026-02-26T17:33:39+00:00\" \/>\n<meta property=\"og:image\" content=\"https:\/\/www.repstronics.com\/wp-content\/uploads\/2023\/05\/PANDUIT-Brida-de-bloqueo-3.9L-99mm-PLT1M-M-1.jpg\" \/>\n\t<meta property=\"og:image:width\" content=\"1000\" \/>\n\t<meta property=\"og:image:height\" content=\"1000\" \/>\n\t<meta property=\"og:image:type\" content=\"image\/jpeg\" \/>\n<meta name=\"twitter:card\" content=\"summary_large_image\" \/>\n<meta name=\"twitter:label1\" content=\"Est. reading time\" \/>\n\t<meta name=\"twitter:data1\" content=\"1 minute\" \/>\n<script type=\"application\/ld+json\" class=\"yoast-schema-graph\">{\"@context\":\"https:\\\/\\\/schema.org\",\"@graph\":[{\"@type\":\"WebPage\",\"@id\":\"https:\\\/\\\/www.repstronics.com\\\/producto\\\/cincho-de-bloqueo-3-9l-99mm-nylon-6-6-natural\\\/\",\"url\":\"https:\\\/\\\/www.repstronics.com\\\/producto\\\/cincho-de-bloqueo-3-9l-99mm-nylon-6-6-natural\\\/\",\"name\":\"Cincho de bloqueo Panduit PLT1M-M, 3.9L (99mm), Nylon 6.6, Natural, Paquete de 1,000 piezas | Repstronics\",\"isPartOf\":{\"@id\":\"https:\\\/\\\/www.repstronics.com\\\/#website\"},\"primaryImageOfPage\":{\"@id\":\"https:\\\/\\\/www.repstronics.com\\\/producto\\\/cincho-de-bloqueo-3-9l-99mm-nylon-6-6-natural\\\/#primaryimage\"},\"image\":{\"@id\":\"https:\\\/\\\/www.repstronics.com\\\/producto\\\/cincho-de-bloqueo-3-9l-99mm-nylon-6-6-natural\\\/#primaryimage\"},\"thumbnailUrl\":\"https:\\\/\\\/www.repstronics.com\\\/wp-content\\\/uploads\\\/2023\\\/05\\\/PANDUIT-Brida-de-bloqueo-3.9L-99mm-PLT1M-M-1.jpg\",\"datePublished\":\"2023-07-19T20:04:09+00:00\",\"dateModified\":\"2026-02-26T17:33:39+00:00\",\"description\":\"Cincho fabricado con un material llamado PA6.6, que es una poliamida (nylon) de alta calidad y resistencia. Gracias a la punta curva, el levantamiento desde las superficies planas es f\u00e1cil y el enroscamiento inicial es m\u00e1s r\u00e1pido.\",\"breadcrumb\":{\"@id\":\"https:\\\/\\\/www.repstronics.com\\\/producto\\\/cincho-de-bloqueo-3-9l-99mm-nylon-6-6-natural\\\/#breadcrumb\"},\"inLanguage\":\"en-US\",\"potentialAction\":[{\"@type\":\"ReadAction\",\"target\":[\"https:\\\/\\\/www.repstronics.com\\\/producto\\\/cincho-de-bloqueo-3-9l-99mm-nylon-6-6-natural\\\/\"]}]},{\"@type\":\"ImageObject\",\"inLanguage\":\"en-US\",\"@id\":\"https:\\\/\\\/www.repstronics.com\\\/producto\\\/cincho-de-bloqueo-3-9l-99mm-nylon-6-6-natural\\\/#primaryimage\",\"url\":\"https:\\\/\\\/www.repstronics.com\\\/wp-content\\\/uploads\\\/2023\\\/05\\\/PANDUIT-Brida-de-bloqueo-3.9L-99mm-PLT1M-M-1.jpg\",\"contentUrl\":\"https:\\\/\\\/www.repstronics.com\\\/wp-content\\\/uploads\\\/2023\\\/05\\\/PANDUIT-Brida-de-bloqueo-3.9L-99mm-PLT1M-M-1.jpg\",\"width\":1000,\"height\":1000},{\"@type\":\"BreadcrumbList\",\"@id\":\"https:\\\/\\\/www.repstronics.com\\\/producto\\\/cincho-de-bloqueo-3-9l-99mm-nylon-6-6-natural\\\/#breadcrumb\",\"itemListElement\":[{\"@type\":\"ListItem\",\"position\":1,\"name\":\"Inicio\",\"item\":\"https:\\\/\\\/www.repstronics.com\\\/\"},{\"@type\":\"ListItem\",\"position\":2,\"name\":\"Shop\",\"item\":\"https:\\\/\\\/www.repstronics.com\\\/shop\\\/\"},{\"@type\":\"ListItem\",\"position\":3,\"name\":\"Cincho de bloqueo Panduit PLT1M-M, 3.9L (99mm), Nylon 6.6, Natural, Paquete de 1,000 piezas\"}]},{\"@type\":\"WebSite\",\"@id\":\"https:\\\/\\\/www.repstronics.com\\\/#website\",\"url\":\"https:\\\/\\\/www.repstronics.com\\\/\",\"name\":\"Repstronics\",\"description\":\"Soluciones de Manufactura\",\"publisher\":{\"@id\":\"https:\\\/\\\/www.repstronics.com\\\/#organization\"},\"potentialAction\":[{\"@type\":\"SearchAction\",\"target\":{\"@type\":\"EntryPoint\",\"urlTemplate\":\"https:\\\/\\\/www.repstronics.com\\\/?s={search_term_string}\"},\"query-input\":{\"@type\":\"PropertyValueSpecification\",\"valueRequired\":true,\"valueName\":\"search_term_string\"}}],\"inLanguage\":\"en-US\"},{\"@type\":\"Organization\",\"@id\":\"https:\\\/\\\/www.repstronics.com\\\/#organization\",\"name\":\"Repstronics\",\"url\":\"https:\\\/\\\/www.repstronics.com\\\/\",\"logo\":{\"@type\":\"ImageObject\",\"inLanguage\":\"en-US\",\"@id\":\"https:\\\/\\\/www.repstronics.com\\\/#\\\/schema\\\/logo\\\/image\\\/\",\"url\":\"https:\\\/\\\/www.repstronics.com\\\/wp-content\\\/uploads\\\/2021\\\/08\\\/reps-logo-100.jpg\",\"contentUrl\":\"https:\\\/\\\/www.repstronics.com\\\/wp-content\\\/uploads\\\/2021\\\/08\\\/reps-logo-100.jpg\",\"width\":201,\"height\":108,\"caption\":\"Repstronics\"},\"image\":{\"@id\":\"https:\\\/\\\/www.repstronics.com\\\/#\\\/schema\\\/logo\\\/image\\\/\"}}]}<\/script>\n<!-- \/ Yoast SEO plugin. -->","yoast_head_json":{"title":"Cincho de bloqueo Panduit PLT1M-M, 3.9L (99mm), Nylon 6.6, Natural, Paquete de 1,000 piezas | Repstronics","description":"Cincho fabricado con un material llamado PA6.6, que es una poliamida (nylon) de alta calidad y resistencia. Gracias a la punta curva, el levantamiento desde las superficies planas es f\u00e1cil y el enroscamiento inicial es m\u00e1s r\u00e1pido.","robots":{"index":"index","follow":"follow","max-snippet":"max-snippet:-1","max-image-preview":"max-image-preview:large","max-video-preview":"max-video-preview:-1"},"canonical":"https:\/\/www.repstronics.com\/en\/product\/cincho-de-bloqueo-3-9l-99mm-nylon-6-6-natural\/","og_locale":"en_US","og_type":"article","og_title":"Cincho de bloqueo Panduit PLT1M-M, 3.9L (99mm), Nylon 6.6, Natural, Paquete de 1,000 piezas | Repstronics","og_description":"Cincho fabricado con un material llamado PA6.6, que es una poliamida (nylon) de alta calidad y resistencia. Gracias a la punta curva, el levantamiento desde las superficies planas es f\u00e1cil y el enroscamiento inicial es m\u00e1s r\u00e1pido.","og_url":"https:\/\/www.repstronics.com\/en\/product\/cincho-de-bloqueo-3-9l-99mm-nylon-6-6-natural\/","og_site_name":"Repstronics","article_modified_time":"2026-02-26T17:33:39+00:00","og_image":[{"width":1000,"height":1000,"url":"https:\/\/www.repstronics.com\/wp-content\/uploads\/2023\/05\/PANDUIT-Brida-de-bloqueo-3.9L-99mm-PLT1M-M-1.jpg","type":"image\/jpeg"}],"twitter_card":"summary_large_image","twitter_misc":{"Est. reading time":"1 minute"},"schema":{"@context":"https:\/\/schema.org","@graph":[{"@type":"WebPage","@id":"https:\/\/www.repstronics.com\/producto\/cincho-de-bloqueo-3-9l-99mm-nylon-6-6-natural\/","url":"https:\/\/www.repstronics.com\/producto\/cincho-de-bloqueo-3-9l-99mm-nylon-6-6-natural\/","name":"Cincho de bloqueo Panduit PLT1M-M, 3.9L (99mm), Nylon 6.6, Natural, Paquete de 1,000 piezas | Repstronics","isPartOf":{"@id":"https:\/\/www.repstronics.com\/#website"},"primaryImageOfPage":{"@id":"https:\/\/www.repstronics.com\/producto\/cincho-de-bloqueo-3-9l-99mm-nylon-6-6-natural\/#primaryimage"},"image":{"@id":"https:\/\/www.repstronics.com\/producto\/cincho-de-bloqueo-3-9l-99mm-nylon-6-6-natural\/#primaryimage"},"thumbnailUrl":"https:\/\/www.repstronics.com\/wp-content\/uploads\/2023\/05\/PANDUIT-Brida-de-bloqueo-3.9L-99mm-PLT1M-M-1.jpg","datePublished":"2023-07-19T20:04:09+00:00","dateModified":"2026-02-26T17:33:39+00:00","description":"Cincho fabricado con un material llamado PA6.6, que es una poliamida (nylon) de alta calidad y resistencia. Gracias a la punta curva, el levantamiento desde las superficies planas es f\u00e1cil y el enroscamiento inicial es m\u00e1s r\u00e1pido.","breadcrumb":{"@id":"https:\/\/www.repstronics.com\/producto\/cincho-de-bloqueo-3-9l-99mm-nylon-6-6-natural\/#breadcrumb"},"inLanguage":"en-US","potentialAction":[{"@type":"ReadAction","target":["https:\/\/www.repstronics.com\/producto\/cincho-de-bloqueo-3-9l-99mm-nylon-6-6-natural\/"]}]},{"@type":"ImageObject","inLanguage":"en-US","@id":"https:\/\/www.repstronics.com\/producto\/cincho-de-bloqueo-3-9l-99mm-nylon-6-6-natural\/#primaryimage","url":"https:\/\/www.repstronics.com\/wp-content\/uploads\/2023\/05\/PANDUIT-Brida-de-bloqueo-3.9L-99mm-PLT1M-M-1.jpg","contentUrl":"https:\/\/www.repstronics.com\/wp-content\/uploads\/2023\/05\/PANDUIT-Brida-de-bloqueo-3.9L-99mm-PLT1M-M-1.jpg","width":1000,"height":1000},{"@type":"BreadcrumbList","@id":"https:\/\/www.repstronics.com\/producto\/cincho-de-bloqueo-3-9l-99mm-nylon-6-6-natural\/#breadcrumb","itemListElement":[{"@type":"ListItem","position":1,"name":"Inicio","item":"https:\/\/www.repstronics.com\/"},{"@type":"ListItem","position":2,"name":"Shop","item":"https:\/\/www.repstronics.com\/shop\/"},{"@type":"ListItem","position":3,"name":"Cincho de bloqueo Panduit PLT1M-M, 3.9L (99mm), Nylon 6.6, Natural, Paquete de 1,000 piezas"}]},{"@type":"WebSite","@id":"https:\/\/www.repstronics.com\/#website","url":"https:\/\/www.repstronics.com\/","name":"Repstronics","description":"Soluciones de Manufactura","publisher":{"@id":"https:\/\/www.repstronics.com\/#organization"},"potentialAction":[{"@type":"SearchAction","target":{"@type":"EntryPoint","urlTemplate":"https:\/\/www.repstronics.com\/?s={search_term_string}"},"query-input":{"@type":"PropertyValueSpecification","valueRequired":true,"valueName":"search_term_string"}}],"inLanguage":"en-US"},{"@type":"Organization","@id":"https:\/\/www.repstronics.com\/#organization","name":"Repstronics","url":"https:\/\/www.repstronics.com\/","logo":{"@type":"ImageObject","inLanguage":"en-US","@id":"https:\/\/www.repstronics.com\/#\/schema\/logo\/image\/","url":"https:\/\/www.repstronics.com\/wp-content\/uploads\/2021\/08\/reps-logo-100.jpg","contentUrl":"https:\/\/www.repstronics.com\/wp-content\/uploads\/2021\/08\/reps-logo-100.jpg","width":201,"height":108,"caption":"Repstronics"},"image":{"@id":"https:\/\/www.repstronics.com\/#\/schema\/logo\/image\/"}}]}},"brands":[{"id":84,"name":"PANDUIT","slug":"panduit"}],"_links":{"self":[{"href":"https:\/\/www.repstronics.com\/en\/wp-json\/wp\/v2\/product\/7671","targetHints":{"allow":["GET"]}}],"collection":[{"href":"https:\/\/www.repstronics.com\/en\/wp-json\/wp\/v2\/product"}],"about":[{"href":"https:\/\/www.repstronics.com\/en\/wp-json\/wp\/v2\/types\/product"}],"replies":[{"embeddable":true,"href":"https:\/\/www.repstronics.com\/en\/wp-json\/wp\/v2\/comments?post=7671"}],"wp:featuredmedia":[{"embeddable":true,"href":"https:\/\/www.repstronics.com\/en\/wp-json\/wp\/v2\/media\/6139"}],"wp:attachment":[{"href":"https:\/\/www.repstronics.com\/en\/wp-json\/wp\/v2\/media?parent=7671"}],"wp:term":[{"taxonomy":"pwb-brand","embeddable":true,"href":"https:\/\/www.repstronics.com\/en\/wp-json\/wp\/v2\/pwb-brand?post=7671"},{"taxonomy":"product_brand","embeddable":true,"href":"https:\/\/www.repstronics.com\/en\/wp-json\/wp\/v2\/product_brand?post=7671"},{"taxonomy":"product_cat","embeddable":true,"href":"https:\/\/www.repstronics.com\/en\/wp-json\/wp\/v2\/product_cat?post=7671"},{"taxonomy":"product_tag","embeddable":true,"href":"https:\/\/www.repstronics.com\/en\/wp-json\/wp\/v2\/product_tag?post=7671"},{"taxonomy":"soluciones","embeddable":true,"href":"https:\/\/www.repstronics.com\/en\/wp-json\/wp\/v2\/soluciones?post=7671"}],"curies":[{"name":"wp","href":"https:\/\/api.w.org\/{rel}","templated":true}]}}