{"id":7661,"date":"2023-07-19T14:03:56","date_gmt":"2023-07-19T20:03:56","guid":{"rendered":"https:\/\/www.repstronics.com\/?post_type=product&#038;p=7661"},"modified":"2026-02-26T11:34:42","modified_gmt":"2026-02-26T17:34:42","slug":"laser-marking-machine-co2","status":"publish","type":"product","link":"https:\/\/www.repstronics.com\/en\/product\/laser-marking-machine-co2\/","title":{"rendered":"Laser Marking Machine CO2"},"content":{"rendered":"<ul>\n<li><span style=\"color: #333333;\" data-sheets-value=\"{&quot;1&quot;:2,&quot;2&quot;:&quot;- Tama\u00f1o m\u00ednimo de PCB: 70 mm x 50 mm.\\n- Tama\u00f1o m\u00e1ximo de PCB: 460 mm x 460 mm (izquierda a derecha) \/ 610 mm x 460 mm (derecha a izquierda) .\\n- Peso m\u00e1ximo: 3 kg.\\n- Rango de espesor de PCB: desde 0.6 mm hasta 4.0 mm.\\n- Capacidad para realizar marcado l\u00e1ser en ambas caras de un objeto sin necesidad de girarlo manualmente.\\n- Cabezal de 30 w de potencia y utiliza tecnolog\u00eda de l\u00e1ser de CO2.r\\n- Es adecuada para el marcado en materiales de grado FR4. r\\n- C\u00e1mara de HIKVISION para reconocimiento de marcas fiduciales y marcas clave.r\\n- Esc\u00e1ner COGNEX.r\\n- Colector de humo DOMINO para recolectar y filtrar los humos y part\u00edculas generados durante el proceso de marcado l\u00e1ser, ayudando a mantener el \u00e1rea de trabajo libre de contaminantes.&quot;}\" data-sheets-userformat=\"{&quot;2&quot;:769,&quot;3&quot;:{&quot;1&quot;:0},&quot;11&quot;:4,&quot;12&quot;:0}\">PCB Min. Size (L x W): 70 x 50 mm.<br \/>\n<\/span><\/li>\n<li><span style=\"color: #333333;\" data-sheets-value=\"{&quot;1&quot;:2,&quot;2&quot;:&quot;- Tama\u00f1o m\u00ednimo de PCB: 70 mm x 50 mm.\\n- Tama\u00f1o m\u00e1ximo de PCB: 460 mm x 460 mm (izquierda a derecha) \/ 610 mm x 460 mm (derecha a izquierda) .\\n- Peso m\u00e1ximo: 3 kg.\\n- Rango de espesor de PCB: desde 0.6 mm hasta 4.0 mm.\\n- Capacidad para realizar marcado l\u00e1ser en ambas caras de un objeto sin necesidad de girarlo manualmente.\\n- Cabezal de 30 w de potencia y utiliza tecnolog\u00eda de l\u00e1ser de CO2.r\\n- Es adecuada para el marcado en materiales de grado FR4. r\\n- C\u00e1mara de HIKVISION para reconocimiento de marcas fiduciales y marcas clave.r\\n- Esc\u00e1ner COGNEX.r\\n- Colector de humo DOMINO para recolectar y filtrar los humos y part\u00edculas generados durante el proceso de marcado l\u00e1ser, ayudando a mantener el \u00e1rea de trabajo libre de contaminantes.&quot;}\" data-sheets-userformat=\"{&quot;2&quot;:769,&quot;3&quot;:{&quot;1&quot;:0},&quot;11&quot;:4,&quot;12&quot;:0}\">PCB Max. Size (L x W): 460 x 460 mm.<br \/>\n<\/span><\/li>\n<li><span style=\"color: #333333;\" data-sheets-value=\"{&quot;1&quot;:2,&quot;2&quot;:&quot;- Tama\u00f1o m\u00ednimo de PCB: 70 mm x 50 mm.\\n- Tama\u00f1o m\u00e1ximo de PCB: 460 mm x 460 mm (izquierda a derecha) \/ 610 mm x 460 mm (derecha a izquierda) .\\n- Peso m\u00e1ximo: 3 kg.\\n- Rango de espesor de PCB: desde 0.6 mm hasta 4.0 mm.\\n- Capacidad para realizar marcado l\u00e1ser en ambas caras de un objeto sin necesidad de girarlo manualmente.\\n- Cabezal de 30 w de potencia y utiliza tecnolog\u00eda de l\u00e1ser de CO2.r\\n- Es adecuada para el marcado en materiales de grado FR4. r\\n- C\u00e1mara de HIKVISION para reconocimiento de marcas fiduciales y marcas clave.r\\n- Esc\u00e1ner COGNEX.r\\n- Colector de humo DOMINO para recolectar y filtrar los humos y part\u00edculas generados durante el proceso de marcado l\u00e1ser, ayudando a mantener el \u00e1rea de trabajo libre de contaminantes.&quot;}\" data-sheets-userformat=\"{&quot;2&quot;:769,&quot;3&quot;:{&quot;1&quot;:0},&quot;11&quot;:4,&quot;12&quot;:0}\">Loading Weight: 3 Kg.<br \/>\n<\/span><\/li>\n<li><span style=\"color: #333333;\" data-sheets-value=\"{&quot;1&quot;:2,&quot;2&quot;:&quot;- Tama\u00f1o m\u00ednimo de PCB: 70 mm x 50 mm.\\n- Tama\u00f1o m\u00e1ximo de PCB: 460 mm x 460 mm (izquierda a derecha) \/ 610 mm x 460 mm (derecha a izquierda) .\\n- Peso m\u00e1ximo: 3 kg.\\n- Rango de espesor de PCB: desde 0.6 mm hasta 4.0 mm.\\n- Capacidad para realizar marcado l\u00e1ser en ambas caras de un objeto sin necesidad de girarlo manualmente.\\n- Cabezal de 30 w de potencia y utiliza tecnolog\u00eda de l\u00e1ser de CO2.r\\n- Es adecuada para el marcado en materiales de grado FR4. r\\n- C\u00e1mara de HIKVISION para reconocimiento de marcas fiduciales y marcas clave.r\\n- Esc\u00e1ner COGNEX.r\\n- Colector de humo DOMINO para recolectar y filtrar los humos y part\u00edculas generados durante el proceso de marcado l\u00e1ser, ayudando a mantener el \u00e1rea de trabajo libre de contaminantes.&quot;}\" data-sheets-userformat=\"{&quot;2&quot;:769,&quot;3&quot;:{&quot;1&quot;:0},&quot;11&quot;:4,&quot;12&quot;:0}\">PCB Thickness: 0.6 ~ 4.0 mm.<br \/>\n<\/span><\/li>\n<li><span style=\"color: #333333;\" data-sheets-value=\"{&quot;1&quot;:2,&quot;2&quot;:&quot;- Tama\u00f1o m\u00ednimo de PCB: 70 mm x 50 mm.\\n- Tama\u00f1o m\u00e1ximo de PCB: 460 mm x 460 mm (izquierda a derecha) \/ 610 mm x 460 mm (derecha a izquierda) .\\n- Peso m\u00e1ximo: 3 kg.\\n- Rango de espesor de PCB: desde 0.6 mm hasta 4.0 mm.\\n- Capacidad para realizar marcado l\u00e1ser en ambas caras de un objeto sin necesidad de girarlo manualmente.\\n- Cabezal de 30 w de potencia y utiliza tecnolog\u00eda de l\u00e1ser de CO2.r\\n- Es adecuada para el marcado en materiales de grado FR4. r\\n- C\u00e1mara de HIKVISION para reconocimiento de marcas fiduciales y marcas clave.r\\n- Esc\u00e1ner COGNEX.r\\n- Colector de humo DOMINO para recolectar y filtrar los humos y part\u00edculas generados durante el proceso de marcado l\u00e1ser, ayudando a mantener el \u00e1rea de trabajo libre de contaminantes.&quot;}\" data-sheets-userformat=\"{&quot;2&quot;:769,&quot;3&quot;:{&quot;1&quot;:0},&quot;11&quot;:4,&quot;12&quot;:0}\">Internal inverting for double-sided marking.<br \/>\n<\/span><\/li>\n<li><span style=\"color: #333333;\" data-sheets-value=\"{&quot;1&quot;:2,&quot;2&quot;:&quot;- Tama\u00f1o m\u00ednimo de PCB: 70 mm x 50 mm.\\n- Tama\u00f1o m\u00e1ximo de PCB: 460 mm x 460 mm (izquierda a derecha) \/ 610 mm x 460 mm (derecha a izquierda) .\\n- Peso m\u00e1ximo: 3 kg.\\n- Rango de espesor de PCB: desde 0.6 mm hasta 4.0 mm.\\n- Capacidad para realizar marcado l\u00e1ser en ambas caras de un objeto sin necesidad de girarlo manualmente.\\n- Cabezal de 30 w de potencia y utiliza tecnolog\u00eda de l\u00e1ser de CO2.r\\n- Es adecuada para el marcado en materiales de grado FR4. r\\n- C\u00e1mara de HIKVISION para reconocimiento de marcas fiduciales y marcas clave.r\\n- Esc\u00e1ner COGNEX.r\\n- Colector de humo DOMINO para recolectar y filtrar los humos y part\u00edculas generados durante el proceso de marcado l\u00e1ser, ayudando a mantener el \u00e1rea de trabajo libre de contaminantes.&quot;}\" data-sheets-userformat=\"{&quot;2&quot;:769,&quot;3&quot;:{&quot;1&quot;:0},&quot;11&quot;:4,&quot;12&quot;:0}\">KEYENCE CO2 30W head.<br \/>\n<\/span><\/li>\n<li><span style=\"color: #333333;\" data-sheets-value=\"{&quot;1&quot;:2,&quot;2&quot;:&quot;- Tama\u00f1o m\u00ednimo de PCB: 70 mm x 50 mm.\\n- Tama\u00f1o m\u00e1ximo de PCB: 460 mm x 460 mm (izquierda a derecha) \/ 610 mm x 460 mm (derecha a izquierda) .\\n- Peso m\u00e1ximo: 3 kg.\\n- Rango de espesor de PCB: desde 0.6 mm hasta 4.0 mm.\\n- Capacidad para realizar marcado l\u00e1ser en ambas caras de un objeto sin necesidad de girarlo manualmente.\\n- Cabezal de 30 w de potencia y utiliza tecnolog\u00eda de l\u00e1ser de CO2.r\\n- Es adecuada para el marcado en materiales de grado FR4. r\\n- C\u00e1mara de HIKVISION para reconocimiento de marcas fiduciales y marcas clave.r\\n- Esc\u00e1ner COGNEX.r\\n- Colector de humo DOMINO para recolectar y filtrar los humos y part\u00edculas generados durante el proceso de marcado l\u00e1ser, ayudando a mantener el \u00e1rea de trabajo libre de contaminantes.&quot;}\" data-sheets-userformat=\"{&quot;2&quot;:769,&quot;3&quot;:{&quot;1&quot;:0},&quot;11&quot;:4,&quot;12&quot;:0}\">Suitable for FR4 grade.<br \/>\n<\/span><\/li>\n<li><span style=\"color: #333333;\" data-sheets-value=\"{&quot;1&quot;:2,&quot;2&quot;:&quot;- Tama\u00f1o m\u00ednimo de PCB: 70 mm x 50 mm.\\n- Tama\u00f1o m\u00e1ximo de PCB: 460 mm x 460 mm (izquierda a derecha) \/ 610 mm x 460 mm (derecha a izquierda) .\\n- Peso m\u00e1ximo: 3 kg.\\n- Rango de espesor de PCB: desde 0.6 mm hasta 4.0 mm.\\n- Capacidad para realizar marcado l\u00e1ser en ambas caras de un objeto sin necesidad de girarlo manualmente.\\n- Cabezal de 30 w de potencia y utiliza tecnolog\u00eda de l\u00e1ser de CO2.r\\n- Es adecuada para el marcado en materiales de grado FR4. r\\n- C\u00e1mara de HIKVISION para reconocimiento de marcas fiduciales y marcas clave.r\\n- Esc\u00e1ner COGNEX.r\\n- Colector de humo DOMINO para recolectar y filtrar los humos y part\u00edculas generados durante el proceso de marcado l\u00e1ser, ayudando a mantener el \u00e1rea de trabajo libre de contaminantes.&quot;}\" data-sheets-userformat=\"{&quot;2&quot;:769,&quot;3&quot;:{&quot;1&quot;:0},&quot;11&quot;:4,&quot;12&quot;:0}\">HIKVISION camera : Fiducial Recognition \/ Key Mark Function.<br \/>\n<\/span><\/li>\n<li><span style=\"color: #333333;\" data-sheets-value=\"{&quot;1&quot;:2,&quot;2&quot;:&quot;- Tama\u00f1o m\u00ednimo de PCB: 70 mm x 50 mm.\\n- Tama\u00f1o m\u00e1ximo de PCB: 460 mm x 460 mm (izquierda a derecha) \/ 610 mm x 460 mm (derecha a izquierda) .\\n- Peso m\u00e1ximo: 3 kg.\\n- Rango de espesor de PCB: desde 0.6 mm hasta 4.0 mm.\\n- Capacidad para realizar marcado l\u00e1ser en ambas caras de un objeto sin necesidad de girarlo manualmente.\\n- Cabezal de 30 w de potencia y utiliza tecnolog\u00eda de l\u00e1ser de CO2.r\\n- Es adecuada para el marcado en materiales de grado FR4. r\\n- C\u00e1mara de HIKVISION para reconocimiento de marcas fiduciales y marcas clave.r\\n- Esc\u00e1ner COGNEX.r\\n- Colector de humo DOMINO para recolectar y filtrar los humos y part\u00edculas generados durante el proceso de marcado l\u00e1ser, ayudando a mantener el \u00e1rea de trabajo libre de contaminantes.&quot;}\" data-sheets-userformat=\"{&quot;2&quot;:769,&quot;3&quot;:{&quot;1&quot;:0},&quot;11&quot;:4,&quot;12&quot;:0}\">COGNEX scanner.<br \/>\n<\/span><\/li>\n<li><span style=\"color: #333333;\" data-sheets-value=\"{&quot;1&quot;:2,&quot;2&quot;:&quot;- Tama\u00f1o m\u00ednimo de PCB: 70 mm x 50 mm.\\n- Tama\u00f1o m\u00e1ximo de PCB: 460 mm x 460 mm (izquierda a derecha) \/ 610 mm x 460 mm (derecha a izquierda) .\\n- Peso m\u00e1ximo: 3 kg.\\n- Rango de espesor de PCB: desde 0.6 mm hasta 4.0 mm.\\n- Capacidad para realizar marcado l\u00e1ser en ambas caras de un objeto sin necesidad de girarlo manualmente.\\n- Cabezal de 30 w de potencia y utiliza tecnolog\u00eda de l\u00e1ser de CO2.r\\n- Es adecuada para el marcado en materiales de grado FR4. r\\n- C\u00e1mara de HIKVISION para reconocimiento de marcas fiduciales y marcas clave.r\\n- Esc\u00e1ner COGNEX.r\\n- Colector de humo DOMINO para recolectar y filtrar los humos y part\u00edculas generados durante el proceso de marcado l\u00e1ser, ayudando a mantener el \u00e1rea de trabajo libre de contaminantes.&quot;}\" data-sheets-userformat=\"{&quot;2&quot;:769,&quot;3&quot;:{&quot;1&quot;:0},&quot;11&quot;:4,&quot;12&quot;:0}\">DOMINO fume collector (External type).<\/span><\/li>\n<\/ul>","protected":false},"excerpt":{"rendered":"<p>Laser Marking Machine has the CO2 laser head inside the machine. By adopting a Head moving in X and Y axes, the laser head marks on the objects. Also it is possible to mark 1D\/2D codes, characters and logos on the surface of materials.<\/p>\n<p><span style=\"color: #808080;\">*Demo equipment.<\/span><\/p>","protected":false},"featured_media":6057,"comment_status":"open","ping_status":"closed","template":"","meta":{"_acf_changed":false},"pwb-brand":[97],"product_brand":[],"product_cat":[116,105,130],"product_tag":[124,99],"soluciones":[20],"class_list":{"0":"post-7661","1":"product","2":"type-product","3":"status-publish","4":"has-post-thumbnail","6":"pwb-brand-yj-link","7":"product_cat-automatizacion","8":"product_cat-bajo_cotizacion","9":"product_cat-marcaje","10":"product_tag-bajo-cotizacion","11":"product_tag-equipos-demo","12":"soluciones-smt-electronica","14":"first","15":"outofstock","16":"taxable","17":"shipping-taxable","18":"product-type-simple"},"acf":[],"yoast_head":"<!-- This site is optimized with the Yoast SEO plugin v27.3 - https:\/\/yoast.com\/product\/yoast-seo-wordpress\/ -->\n<title>Laser Marking Machine CO2 | Repstronics<\/title>\n<meta name=\"description\" content=\"Laser Marking Machine graba c\u00f3digos de barras 1D\/2D, logotipos y caracteres en la superficie de una PCB u objeto sin causar da\u00f1o f\u00edsico o qu\u00edmico. La cabeza l\u00e1ser realiza el marcado ajustando su propia altura en el eje Z de acuerdo con la altura del objeto.\" \/>\n<meta name=\"robots\" content=\"index, follow, max-snippet:-1, max-image-preview:large, max-video-preview:-1\" \/>\n<link rel=\"canonical\" href=\"https:\/\/www.repstronics.com\/en\/product\/laser-marking-machine-co2\/\" \/>\n<meta property=\"og:locale\" content=\"en_US\" \/>\n<meta property=\"og:type\" content=\"article\" \/>\n<meta property=\"og:title\" content=\"Laser Marking Machine CO2 | Repstronics\" \/>\n<meta property=\"og:description\" content=\"Laser Marking Machine graba c\u00f3digos de barras 1D\/2D, logotipos y caracteres en la superficie de una PCB u objeto sin causar da\u00f1o f\u00edsico o qu\u00edmico. La cabeza l\u00e1ser realiza el marcado ajustando su propia altura en el eje Z de acuerdo con la altura del objeto.\" \/>\n<meta property=\"og:url\" content=\"https:\/\/www.repstronics.com\/en\/product\/laser-marking-machine-co2\/\" \/>\n<meta property=\"og:site_name\" content=\"Repstronics\" \/>\n<meta property=\"article:modified_time\" content=\"2026-02-26T17:34:42+00:00\" \/>\n<meta property=\"og:image\" content=\"https:\/\/www.repstronics.com\/wp-content\/uploads\/2023\/05\/YJ-LINK-E-YLM-1X00.jpg\" \/>\n\t<meta property=\"og:image:width\" content=\"1000\" \/>\n\t<meta property=\"og:image:height\" content=\"1000\" \/>\n\t<meta property=\"og:image:type\" content=\"image\/jpeg\" \/>\n<meta name=\"twitter:card\" content=\"summary_large_image\" \/>\n<meta name=\"twitter:label1\" content=\"Est. reading time\" \/>\n\t<meta name=\"twitter:data1\" content=\"1 minute\" \/>\n<script type=\"application\/ld+json\" class=\"yoast-schema-graph\">{\"@context\":\"https:\\\/\\\/schema.org\",\"@graph\":[{\"@type\":\"WebPage\",\"@id\":\"https:\\\/\\\/www.repstronics.com\\\/producto\\\/laser-marking-machine-co2\\\/\",\"url\":\"https:\\\/\\\/www.repstronics.com\\\/producto\\\/laser-marking-machine-co2\\\/\",\"name\":\"Laser Marking Machine CO2 | Repstronics\",\"isPartOf\":{\"@id\":\"https:\\\/\\\/www.repstronics.com\\\/#website\"},\"primaryImageOfPage\":{\"@id\":\"https:\\\/\\\/www.repstronics.com\\\/producto\\\/laser-marking-machine-co2\\\/#primaryimage\"},\"image\":{\"@id\":\"https:\\\/\\\/www.repstronics.com\\\/producto\\\/laser-marking-machine-co2\\\/#primaryimage\"},\"thumbnailUrl\":\"https:\\\/\\\/www.repstronics.com\\\/wp-content\\\/uploads\\\/2023\\\/05\\\/YJ-LINK-E-YLM-1X00.jpg\",\"datePublished\":\"2023-07-19T20:03:56+00:00\",\"dateModified\":\"2026-02-26T17:34:42+00:00\",\"description\":\"Laser Marking Machine graba c\u00f3digos de barras 1D\\\/2D, logotipos y caracteres en la superficie de una PCB u objeto sin causar da\u00f1o f\u00edsico o qu\u00edmico. La cabeza l\u00e1ser realiza el marcado ajustando su propia altura en el eje Z de acuerdo con la altura del objeto.\",\"breadcrumb\":{\"@id\":\"https:\\\/\\\/www.repstronics.com\\\/producto\\\/laser-marking-machine-co2\\\/#breadcrumb\"},\"inLanguage\":\"en-US\",\"potentialAction\":[{\"@type\":\"ReadAction\",\"target\":[\"https:\\\/\\\/www.repstronics.com\\\/producto\\\/laser-marking-machine-co2\\\/\"]}]},{\"@type\":\"ImageObject\",\"inLanguage\":\"en-US\",\"@id\":\"https:\\\/\\\/www.repstronics.com\\\/producto\\\/laser-marking-machine-co2\\\/#primaryimage\",\"url\":\"https:\\\/\\\/www.repstronics.com\\\/wp-content\\\/uploads\\\/2023\\\/05\\\/YJ-LINK-E-YLM-1X00.jpg\",\"contentUrl\":\"https:\\\/\\\/www.repstronics.com\\\/wp-content\\\/uploads\\\/2023\\\/05\\\/YJ-LINK-E-YLM-1X00.jpg\",\"width\":1000,\"height\":1000},{\"@type\":\"BreadcrumbList\",\"@id\":\"https:\\\/\\\/www.repstronics.com\\\/producto\\\/laser-marking-machine-co2\\\/#breadcrumb\",\"itemListElement\":[{\"@type\":\"ListItem\",\"position\":1,\"name\":\"Inicio\",\"item\":\"https:\\\/\\\/www.repstronics.com\\\/\"},{\"@type\":\"ListItem\",\"position\":2,\"name\":\"Shop\",\"item\":\"https:\\\/\\\/www.repstronics.com\\\/shop\\\/\"},{\"@type\":\"ListItem\",\"position\":3,\"name\":\"Laser Marking Machine CO2\"}]},{\"@type\":\"WebSite\",\"@id\":\"https:\\\/\\\/www.repstronics.com\\\/#website\",\"url\":\"https:\\\/\\\/www.repstronics.com\\\/\",\"name\":\"Repstronics\",\"description\":\"Soluciones de Manufactura\",\"publisher\":{\"@id\":\"https:\\\/\\\/www.repstronics.com\\\/#organization\"},\"potentialAction\":[{\"@type\":\"SearchAction\",\"target\":{\"@type\":\"EntryPoint\",\"urlTemplate\":\"https:\\\/\\\/www.repstronics.com\\\/?s={search_term_string}\"},\"query-input\":{\"@type\":\"PropertyValueSpecification\",\"valueRequired\":true,\"valueName\":\"search_term_string\"}}],\"inLanguage\":\"en-US\"},{\"@type\":\"Organization\",\"@id\":\"https:\\\/\\\/www.repstronics.com\\\/#organization\",\"name\":\"Repstronics\",\"url\":\"https:\\\/\\\/www.repstronics.com\\\/\",\"logo\":{\"@type\":\"ImageObject\",\"inLanguage\":\"en-US\",\"@id\":\"https:\\\/\\\/www.repstronics.com\\\/#\\\/schema\\\/logo\\\/image\\\/\",\"url\":\"https:\\\/\\\/www.repstronics.com\\\/wp-content\\\/uploads\\\/2021\\\/08\\\/reps-logo-100.jpg\",\"contentUrl\":\"https:\\\/\\\/www.repstronics.com\\\/wp-content\\\/uploads\\\/2021\\\/08\\\/reps-logo-100.jpg\",\"width\":201,\"height\":108,\"caption\":\"Repstronics\"},\"image\":{\"@id\":\"https:\\\/\\\/www.repstronics.com\\\/#\\\/schema\\\/logo\\\/image\\\/\"}}]}<\/script>\n<!-- \/ Yoast SEO plugin. -->","yoast_head_json":{"title":"Laser Marking Machine CO2 | Repstronics","description":"Laser Marking Machine graba c\u00f3digos de barras 1D\/2D, logotipos y caracteres en la superficie de una PCB u objeto sin causar da\u00f1o f\u00edsico o qu\u00edmico. La cabeza l\u00e1ser realiza el marcado ajustando su propia altura en el eje Z de acuerdo con la altura del objeto.","robots":{"index":"index","follow":"follow","max-snippet":"max-snippet:-1","max-image-preview":"max-image-preview:large","max-video-preview":"max-video-preview:-1"},"canonical":"https:\/\/www.repstronics.com\/en\/product\/laser-marking-machine-co2\/","og_locale":"en_US","og_type":"article","og_title":"Laser Marking Machine CO2 | Repstronics","og_description":"Laser Marking Machine graba c\u00f3digos de barras 1D\/2D, logotipos y caracteres en la superficie de una PCB u objeto sin causar da\u00f1o f\u00edsico o qu\u00edmico. La cabeza l\u00e1ser realiza el marcado ajustando su propia altura en el eje Z de acuerdo con la altura del objeto.","og_url":"https:\/\/www.repstronics.com\/en\/product\/laser-marking-machine-co2\/","og_site_name":"Repstronics","article_modified_time":"2026-02-26T17:34:42+00:00","og_image":[{"width":1000,"height":1000,"url":"https:\/\/www.repstronics.com\/wp-content\/uploads\/2023\/05\/YJ-LINK-E-YLM-1X00.jpg","type":"image\/jpeg"}],"twitter_card":"summary_large_image","twitter_misc":{"Est. reading time":"1 minute"},"schema":{"@context":"https:\/\/schema.org","@graph":[{"@type":"WebPage","@id":"https:\/\/www.repstronics.com\/producto\/laser-marking-machine-co2\/","url":"https:\/\/www.repstronics.com\/producto\/laser-marking-machine-co2\/","name":"Laser Marking Machine CO2 | Repstronics","isPartOf":{"@id":"https:\/\/www.repstronics.com\/#website"},"primaryImageOfPage":{"@id":"https:\/\/www.repstronics.com\/producto\/laser-marking-machine-co2\/#primaryimage"},"image":{"@id":"https:\/\/www.repstronics.com\/producto\/laser-marking-machine-co2\/#primaryimage"},"thumbnailUrl":"https:\/\/www.repstronics.com\/wp-content\/uploads\/2023\/05\/YJ-LINK-E-YLM-1X00.jpg","datePublished":"2023-07-19T20:03:56+00:00","dateModified":"2026-02-26T17:34:42+00:00","description":"Laser Marking Machine graba c\u00f3digos de barras 1D\/2D, logotipos y caracteres en la superficie de una PCB u objeto sin causar da\u00f1o f\u00edsico o qu\u00edmico. La cabeza l\u00e1ser realiza el marcado ajustando su propia altura en el eje Z de acuerdo con la altura del objeto.","breadcrumb":{"@id":"https:\/\/www.repstronics.com\/producto\/laser-marking-machine-co2\/#breadcrumb"},"inLanguage":"en-US","potentialAction":[{"@type":"ReadAction","target":["https:\/\/www.repstronics.com\/producto\/laser-marking-machine-co2\/"]}]},{"@type":"ImageObject","inLanguage":"en-US","@id":"https:\/\/www.repstronics.com\/producto\/laser-marking-machine-co2\/#primaryimage","url":"https:\/\/www.repstronics.com\/wp-content\/uploads\/2023\/05\/YJ-LINK-E-YLM-1X00.jpg","contentUrl":"https:\/\/www.repstronics.com\/wp-content\/uploads\/2023\/05\/YJ-LINK-E-YLM-1X00.jpg","width":1000,"height":1000},{"@type":"BreadcrumbList","@id":"https:\/\/www.repstronics.com\/producto\/laser-marking-machine-co2\/#breadcrumb","itemListElement":[{"@type":"ListItem","position":1,"name":"Inicio","item":"https:\/\/www.repstronics.com\/"},{"@type":"ListItem","position":2,"name":"Shop","item":"https:\/\/www.repstronics.com\/shop\/"},{"@type":"ListItem","position":3,"name":"Laser Marking Machine CO2"}]},{"@type":"WebSite","@id":"https:\/\/www.repstronics.com\/#website","url":"https:\/\/www.repstronics.com\/","name":"Repstronics","description":"Soluciones de Manufactura","publisher":{"@id":"https:\/\/www.repstronics.com\/#organization"},"potentialAction":[{"@type":"SearchAction","target":{"@type":"EntryPoint","urlTemplate":"https:\/\/www.repstronics.com\/?s={search_term_string}"},"query-input":{"@type":"PropertyValueSpecification","valueRequired":true,"valueName":"search_term_string"}}],"inLanguage":"en-US"},{"@type":"Organization","@id":"https:\/\/www.repstronics.com\/#organization","name":"Repstronics","url":"https:\/\/www.repstronics.com\/","logo":{"@type":"ImageObject","inLanguage":"en-US","@id":"https:\/\/www.repstronics.com\/#\/schema\/logo\/image\/","url":"https:\/\/www.repstronics.com\/wp-content\/uploads\/2021\/08\/reps-logo-100.jpg","contentUrl":"https:\/\/www.repstronics.com\/wp-content\/uploads\/2021\/08\/reps-logo-100.jpg","width":201,"height":108,"caption":"Repstronics"},"image":{"@id":"https:\/\/www.repstronics.com\/#\/schema\/logo\/image\/"}}]}},"brands":[{"id":97,"name":"YJ Link","slug":"yj-link"}],"_links":{"self":[{"href":"https:\/\/www.repstronics.com\/en\/wp-json\/wp\/v2\/product\/7661","targetHints":{"allow":["GET"]}}],"collection":[{"href":"https:\/\/www.repstronics.com\/en\/wp-json\/wp\/v2\/product"}],"about":[{"href":"https:\/\/www.repstronics.com\/en\/wp-json\/wp\/v2\/types\/product"}],"replies":[{"embeddable":true,"href":"https:\/\/www.repstronics.com\/en\/wp-json\/wp\/v2\/comments?post=7661"}],"wp:featuredmedia":[{"embeddable":true,"href":"https:\/\/www.repstronics.com\/en\/wp-json\/wp\/v2\/media\/6057"}],"wp:attachment":[{"href":"https:\/\/www.repstronics.com\/en\/wp-json\/wp\/v2\/media?parent=7661"}],"wp:term":[{"taxonomy":"pwb-brand","embeddable":true,"href":"https:\/\/www.repstronics.com\/en\/wp-json\/wp\/v2\/pwb-brand?post=7661"},{"taxonomy":"product_brand","embeddable":true,"href":"https:\/\/www.repstronics.com\/en\/wp-json\/wp\/v2\/product_brand?post=7661"},{"taxonomy":"product_cat","embeddable":true,"href":"https:\/\/www.repstronics.com\/en\/wp-json\/wp\/v2\/product_cat?post=7661"},{"taxonomy":"product_tag","embeddable":true,"href":"https:\/\/www.repstronics.com\/en\/wp-json\/wp\/v2\/product_tag?post=7661"},{"taxonomy":"soluciones","embeddable":true,"href":"https:\/\/www.repstronics.com\/en\/wp-json\/wp\/v2\/soluciones?post=7661"}],"curies":[{"name":"wp","href":"https:\/\/api.w.org\/{rel}","templated":true}]}}