{"id":7655,"date":"2023-07-19T14:03:55","date_gmt":"2023-07-19T20:03:55","guid":{"rendered":"https:\/\/www.repstronics.com\/?post_type=product&#038;p=7655"},"modified":"2026-02-26T11:35:45","modified_gmt":"2026-02-26T17:35:45","slug":"cargador-hibrido-de-tarjetas-vacio-magazines","status":"publish","type":"product","link":"https:\/\/www.repstronics.com\/en\/product\/cargador-hibrido-de-tarjetas-vacio-magazines\/","title":{"rendered":"Cargador H\u00edbrido de tarjetas, vac\u00edo\/magazines Modelo AVLD-12S"},"content":{"rendered":"<ul>\n<li data-start=\"48\" data-end=\"101\">\n<p data-start=\"50\" data-end=\"101\">Sistema dual de carga autom\u00e1tica para l\u00edneas SMT.<\/p>\n<\/li>\n<li data-start=\"102\" data-end=\"222\">\n<p data-start=\"104\" data-end=\"222\">Optimiza la alimentaci\u00f3n de PCBs al combinar un vacuum loader y un cargador de magazines en una sola unidad.<\/p>\n<\/li>\n<li data-start=\"223\" data-end=\"290\">\n<p data-start=\"225\" data-end=\"290\">Soluci\u00f3n customizada para una integraci\u00f3n vers\u00e1til y eficiente.<\/p>\n<\/li>\n<li data-start=\"291\" data-end=\"345\">\n<p data-start=\"293\" data-end=\"345\">Ideal para entornos de producci\u00f3n de alta demanda.<\/p>\n<\/li>\n<li data-start=\"346\" data-end=\"420\">\n<p data-start=\"348\" data-end=\"420\">Capaz de manipular tanto PCBs desnudas como PCBs en magazines.<\/p>\n<\/li>\n<li data-start=\"421\" data-end=\"455\" data-is-last-node=\"\">\n<p data-start=\"423\" data-end=\"455\" data-is-last-node=\"\">No requiere intervenci\u00f3n manual.<\/p>\n<\/li>\n<\/ul>\n<p><iframe id=\"zShareTpcCheck\" style=\"display: none;\" src=\"chrome-extension:\/\/ddafdejlekcmnafgnbllcfkebabhabcl\/html\/tpc.html\"><\/iframe><span id=\"zoho_button_ext\" style=\"display: none; position: absolute; z-index: 99999999; width: 80px; height: 31px; background-image: url('chrome-extension:\/\/ddafdejlekcmnafgnbllcfkebabhabcl\/images\/zshare.png'); background-size: 80px 31px; opacity: 0.9; cursor: pointer; top: 0px; left: 0px;\"><\/span><\/p>","protected":false},"excerpt":{"rendered":"<p>Sistema dual de carga autom\u00e1tica para l\u00edneas SMT, dise\u00f1ado para optimizar la alimentaci\u00f3n de placas de circuito impreso (PCBs) al combinar un vacuum loader con un cargador de magazines en una misma unidad.<\/p>\n<div>\n<div>Esta soluci\u00f3n customizada permite una integraci\u00f3n vers\u00e1til y eficiente en entornos de producci\u00f3n de alta demanda, ya que puede manipular tanto PCBs desnudas como PCBs almacenadas en magazines, sin intervenci\u00f3n manual.<\/div>\n<\/div>\n<p><iframe id=\"zShareTpcCheck\" style=\"display: none;\" src=\"chrome-extension:\/\/ddafdejlekcmnafgnbllcfkebabhabcl\/html\/tpc.html\"><\/iframe><span id=\"zoho_button_ext\" style=\"display: none; position: absolute; z-index: 99999999; width: 80px; height: 31px; background-image: url('chrome-extension:\/\/ddafdejlekcmnafgnbllcfkebabhabcl\/images\/zshare.png'); background-size: 80px 31px; opacity: 0.9; cursor: pointer; top: 0px; left: 0px;\"><\/span><\/p>","protected":false},"featured_media":8770,"comment_status":"open","ping_status":"closed","template":"","meta":{"_acf_changed":false},"pwb-brand":[97],"product_brand":[],"product_cat":[116,105],"product_tag":[124],"soluciones":[20],"class_list":{"0":"post-7655","1":"product","2":"type-product","3":"status-publish","4":"has-post-thumbnail","6":"pwb-brand-yj-link","7":"product_cat-automatizacion","8":"product_cat-bajo_cotizacion","9":"product_tag-bajo-cotizacion","10":"product_shipping_class-producto-extra-grande","11":"soluciones-smt-electronica","13":"first","14":"outofstock","15":"taxable","16":"shipping-taxable","17":"product-type-simple"},"acf":[],"yoast_head":"<!-- This site is optimized with the Yoast SEO plugin v27.3 - https:\/\/yoast.com\/product\/yoast-seo-wordpress\/ -->\n<title>Cargador H\u00edbrido de tarjetas, vac\u00edo\/magazines Modelo AVLD-12S | Repstronics<\/title>\n<meta name=\"description\" content=\"Sistema dual de carga autom\u00e1tica para l\u00edneas SMT, dise\u00f1ado para optimizar la alimentaci\u00f3n de placas de circuito impreso (PCBs) al combinar un vacuum loader con un cargador de magazines en una misma unidad.\u00a0\" \/>\n<meta name=\"robots\" content=\"index, follow, max-snippet:-1, max-image-preview:large, max-video-preview:-1\" \/>\n<link rel=\"canonical\" href=\"https:\/\/www.repstronics.com\/en\/product\/cargador-hibrido-de-tarjetas-vacio-magazines\/\" \/>\n<meta property=\"og:locale\" content=\"en_US\" \/>\n<meta property=\"og:type\" content=\"article\" \/>\n<meta property=\"og:title\" content=\"Cargador H\u00edbrido de tarjetas, vac\u00edo\/magazines Modelo AVLD-12S | Repstronics\" \/>\n<meta property=\"og:description\" content=\"Sistema dual de carga autom\u00e1tica para l\u00edneas SMT, dise\u00f1ado para optimizar la alimentaci\u00f3n de placas de circuito impreso (PCBs) al combinar un vacuum loader con un cargador de magazines en una misma unidad.\u00a0\" \/>\n<meta property=\"og:url\" content=\"https:\/\/www.repstronics.com\/en\/product\/cargador-hibrido-de-tarjetas-vacio-magazines\/\" \/>\n<meta property=\"og:site_name\" content=\"Repstronics\" \/>\n<meta property=\"article:modified_time\" content=\"2026-02-26T17:35:45+00:00\" \/>\n<meta property=\"og:image\" content=\"https:\/\/www.repstronics.com\/wp-content\/uploads\/2023\/07\/WhatsApp_Image_2025-05-23_at_4.37.09_PM.png\" \/>\n\t<meta property=\"og:image:width\" content=\"899\" \/>\n\t<meta property=\"og:image:height\" content=\"1092\" \/>\n\t<meta property=\"og:image:type\" content=\"image\/png\" \/>\n<meta name=\"twitter:card\" content=\"summary_large_image\" \/>\n<meta name=\"twitter:label1\" content=\"Est. reading time\" \/>\n\t<meta name=\"twitter:data1\" content=\"1 minute\" \/>\n<script type=\"application\/ld+json\" class=\"yoast-schema-graph\">{\"@context\":\"https:\\\/\\\/schema.org\",\"@graph\":[{\"@type\":\"WebPage\",\"@id\":\"https:\\\/\\\/www.repstronics.com\\\/producto\\\/cargador-hibrido-de-tarjetas-vacio-magazines\\\/\",\"url\":\"https:\\\/\\\/www.repstronics.com\\\/producto\\\/cargador-hibrido-de-tarjetas-vacio-magazines\\\/\",\"name\":\"Cargador H\u00edbrido de tarjetas, vac\u00edo\\\/magazines Modelo AVLD-12S | Repstronics\",\"isPartOf\":{\"@id\":\"https:\\\/\\\/www.repstronics.com\\\/#website\"},\"primaryImageOfPage\":{\"@id\":\"https:\\\/\\\/www.repstronics.com\\\/producto\\\/cargador-hibrido-de-tarjetas-vacio-magazines\\\/#primaryimage\"},\"image\":{\"@id\":\"https:\\\/\\\/www.repstronics.com\\\/producto\\\/cargador-hibrido-de-tarjetas-vacio-magazines\\\/#primaryimage\"},\"thumbnailUrl\":\"https:\\\/\\\/www.repstronics.com\\\/wp-content\\\/uploads\\\/2023\\\/07\\\/WhatsApp_Image_2025-05-23_at_4.37.09_PM.png\",\"datePublished\":\"2023-07-19T20:03:55+00:00\",\"dateModified\":\"2026-02-26T17:35:45+00:00\",\"description\":\"Sistema dual de carga autom\u00e1tica para l\u00edneas SMT, dise\u00f1ado para optimizar la alimentaci\u00f3n de placas de circuito impreso (PCBs) al combinar un vacuum loader con un cargador de magazines en una misma unidad.\u00a0\",\"breadcrumb\":{\"@id\":\"https:\\\/\\\/www.repstronics.com\\\/producto\\\/cargador-hibrido-de-tarjetas-vacio-magazines\\\/#breadcrumb\"},\"inLanguage\":\"en-US\",\"potentialAction\":[{\"@type\":\"ReadAction\",\"target\":[\"https:\\\/\\\/www.repstronics.com\\\/producto\\\/cargador-hibrido-de-tarjetas-vacio-magazines\\\/\"]}]},{\"@type\":\"ImageObject\",\"inLanguage\":\"en-US\",\"@id\":\"https:\\\/\\\/www.repstronics.com\\\/producto\\\/cargador-hibrido-de-tarjetas-vacio-magazines\\\/#primaryimage\",\"url\":\"https:\\\/\\\/www.repstronics.com\\\/wp-content\\\/uploads\\\/2023\\\/07\\\/WhatsApp_Image_2025-05-23_at_4.37.09_PM.png\",\"contentUrl\":\"https:\\\/\\\/www.repstronics.com\\\/wp-content\\\/uploads\\\/2023\\\/07\\\/WhatsApp_Image_2025-05-23_at_4.37.09_PM.png\",\"width\":899,\"height\":1092,\"caption\":\"YJ Link Cargador de vac\u00edo para magazines y PCB Modelo AVLD-12S\"},{\"@type\":\"BreadcrumbList\",\"@id\":\"https:\\\/\\\/www.repstronics.com\\\/producto\\\/cargador-hibrido-de-tarjetas-vacio-magazines\\\/#breadcrumb\",\"itemListElement\":[{\"@type\":\"ListItem\",\"position\":1,\"name\":\"Inicio\",\"item\":\"https:\\\/\\\/www.repstronics.com\\\/\"},{\"@type\":\"ListItem\",\"position\":2,\"name\":\"Shop\",\"item\":\"https:\\\/\\\/www.repstronics.com\\\/shop\\\/\"},{\"@type\":\"ListItem\",\"position\":3,\"name\":\"Cargador H\u00edbrido de tarjetas, vac\u00edo\\\/magazines Modelo AVLD-12S\"}]},{\"@type\":\"WebSite\",\"@id\":\"https:\\\/\\\/www.repstronics.com\\\/#website\",\"url\":\"https:\\\/\\\/www.repstronics.com\\\/\",\"name\":\"Repstronics\",\"description\":\"Soluciones de Manufactura\",\"publisher\":{\"@id\":\"https:\\\/\\\/www.repstronics.com\\\/#organization\"},\"potentialAction\":[{\"@type\":\"SearchAction\",\"target\":{\"@type\":\"EntryPoint\",\"urlTemplate\":\"https:\\\/\\\/www.repstronics.com\\\/?s={search_term_string}\"},\"query-input\":{\"@type\":\"PropertyValueSpecification\",\"valueRequired\":true,\"valueName\":\"search_term_string\"}}],\"inLanguage\":\"en-US\"},{\"@type\":\"Organization\",\"@id\":\"https:\\\/\\\/www.repstronics.com\\\/#organization\",\"name\":\"Repstronics\",\"url\":\"https:\\\/\\\/www.repstronics.com\\\/\",\"logo\":{\"@type\":\"ImageObject\",\"inLanguage\":\"en-US\",\"@id\":\"https:\\\/\\\/www.repstronics.com\\\/#\\\/schema\\\/logo\\\/image\\\/\",\"url\":\"https:\\\/\\\/www.repstronics.com\\\/wp-content\\\/uploads\\\/2021\\\/08\\\/reps-logo-100.jpg\",\"contentUrl\":\"https:\\\/\\\/www.repstronics.com\\\/wp-content\\\/uploads\\\/2021\\\/08\\\/reps-logo-100.jpg\",\"width\":201,\"height\":108,\"caption\":\"Repstronics\"},\"image\":{\"@id\":\"https:\\\/\\\/www.repstronics.com\\\/#\\\/schema\\\/logo\\\/image\\\/\"}}]}<\/script>\n<!-- \/ Yoast SEO plugin. -->","yoast_head_json":{"title":"Cargador H\u00edbrido de tarjetas, vac\u00edo\/magazines Modelo AVLD-12S | Repstronics","description":"Sistema dual de carga autom\u00e1tica para l\u00edneas SMT, dise\u00f1ado para optimizar la alimentaci\u00f3n de placas de circuito impreso (PCBs) al combinar un vacuum loader con un cargador de magazines en una misma unidad.\u00a0","robots":{"index":"index","follow":"follow","max-snippet":"max-snippet:-1","max-image-preview":"max-image-preview:large","max-video-preview":"max-video-preview:-1"},"canonical":"https:\/\/www.repstronics.com\/en\/product\/cargador-hibrido-de-tarjetas-vacio-magazines\/","og_locale":"en_US","og_type":"article","og_title":"Cargador H\u00edbrido de tarjetas, vac\u00edo\/magazines Modelo AVLD-12S | Repstronics","og_description":"Sistema dual de carga autom\u00e1tica para l\u00edneas SMT, dise\u00f1ado para optimizar la alimentaci\u00f3n de placas de circuito impreso (PCBs) al combinar un vacuum loader con un cargador de magazines en una misma unidad.\u00a0","og_url":"https:\/\/www.repstronics.com\/en\/product\/cargador-hibrido-de-tarjetas-vacio-magazines\/","og_site_name":"Repstronics","article_modified_time":"2026-02-26T17:35:45+00:00","og_image":[{"width":899,"height":1092,"url":"https:\/\/www.repstronics.com\/wp-content\/uploads\/2023\/07\/WhatsApp_Image_2025-05-23_at_4.37.09_PM.png","type":"image\/png"}],"twitter_card":"summary_large_image","twitter_misc":{"Est. reading time":"1 minute"},"schema":{"@context":"https:\/\/schema.org","@graph":[{"@type":"WebPage","@id":"https:\/\/www.repstronics.com\/producto\/cargador-hibrido-de-tarjetas-vacio-magazines\/","url":"https:\/\/www.repstronics.com\/producto\/cargador-hibrido-de-tarjetas-vacio-magazines\/","name":"Cargador H\u00edbrido de tarjetas, vac\u00edo\/magazines Modelo AVLD-12S | Repstronics","isPartOf":{"@id":"https:\/\/www.repstronics.com\/#website"},"primaryImageOfPage":{"@id":"https:\/\/www.repstronics.com\/producto\/cargador-hibrido-de-tarjetas-vacio-magazines\/#primaryimage"},"image":{"@id":"https:\/\/www.repstronics.com\/producto\/cargador-hibrido-de-tarjetas-vacio-magazines\/#primaryimage"},"thumbnailUrl":"https:\/\/www.repstronics.com\/wp-content\/uploads\/2023\/07\/WhatsApp_Image_2025-05-23_at_4.37.09_PM.png","datePublished":"2023-07-19T20:03:55+00:00","dateModified":"2026-02-26T17:35:45+00:00","description":"Sistema dual de carga autom\u00e1tica para l\u00edneas SMT, dise\u00f1ado para optimizar la alimentaci\u00f3n de placas de circuito impreso (PCBs) al combinar un vacuum loader con un cargador de magazines en una misma unidad.\u00a0","breadcrumb":{"@id":"https:\/\/www.repstronics.com\/producto\/cargador-hibrido-de-tarjetas-vacio-magazines\/#breadcrumb"},"inLanguage":"en-US","potentialAction":[{"@type":"ReadAction","target":["https:\/\/www.repstronics.com\/producto\/cargador-hibrido-de-tarjetas-vacio-magazines\/"]}]},{"@type":"ImageObject","inLanguage":"en-US","@id":"https:\/\/www.repstronics.com\/producto\/cargador-hibrido-de-tarjetas-vacio-magazines\/#primaryimage","url":"https:\/\/www.repstronics.com\/wp-content\/uploads\/2023\/07\/WhatsApp_Image_2025-05-23_at_4.37.09_PM.png","contentUrl":"https:\/\/www.repstronics.com\/wp-content\/uploads\/2023\/07\/WhatsApp_Image_2025-05-23_at_4.37.09_PM.png","width":899,"height":1092,"caption":"YJ Link Cargador de vac\u00edo para magazines y PCB Modelo AVLD-12S"},{"@type":"BreadcrumbList","@id":"https:\/\/www.repstronics.com\/producto\/cargador-hibrido-de-tarjetas-vacio-magazines\/#breadcrumb","itemListElement":[{"@type":"ListItem","position":1,"name":"Inicio","item":"https:\/\/www.repstronics.com\/"},{"@type":"ListItem","position":2,"name":"Shop","item":"https:\/\/www.repstronics.com\/shop\/"},{"@type":"ListItem","position":3,"name":"Cargador H\u00edbrido de tarjetas, vac\u00edo\/magazines Modelo AVLD-12S"}]},{"@type":"WebSite","@id":"https:\/\/www.repstronics.com\/#website","url":"https:\/\/www.repstronics.com\/","name":"Repstronics","description":"Soluciones de Manufactura","publisher":{"@id":"https:\/\/www.repstronics.com\/#organization"},"potentialAction":[{"@type":"SearchAction","target":{"@type":"EntryPoint","urlTemplate":"https:\/\/www.repstronics.com\/?s={search_term_string}"},"query-input":{"@type":"PropertyValueSpecification","valueRequired":true,"valueName":"search_term_string"}}],"inLanguage":"en-US"},{"@type":"Organization","@id":"https:\/\/www.repstronics.com\/#organization","name":"Repstronics","url":"https:\/\/www.repstronics.com\/","logo":{"@type":"ImageObject","inLanguage":"en-US","@id":"https:\/\/www.repstronics.com\/#\/schema\/logo\/image\/","url":"https:\/\/www.repstronics.com\/wp-content\/uploads\/2021\/08\/reps-logo-100.jpg","contentUrl":"https:\/\/www.repstronics.com\/wp-content\/uploads\/2021\/08\/reps-logo-100.jpg","width":201,"height":108,"caption":"Repstronics"},"image":{"@id":"https:\/\/www.repstronics.com\/#\/schema\/logo\/image\/"}}]}},"brands":[{"id":97,"name":"YJ Link","slug":"yj-link"}],"_links":{"self":[{"href":"https:\/\/www.repstronics.com\/en\/wp-json\/wp\/v2\/product\/7655","targetHints":{"allow":["GET"]}}],"collection":[{"href":"https:\/\/www.repstronics.com\/en\/wp-json\/wp\/v2\/product"}],"about":[{"href":"https:\/\/www.repstronics.com\/en\/wp-json\/wp\/v2\/types\/product"}],"replies":[{"embeddable":true,"href":"https:\/\/www.repstronics.com\/en\/wp-json\/wp\/v2\/comments?post=7655"}],"wp:featuredmedia":[{"embeddable":true,"href":"https:\/\/www.repstronics.com\/en\/wp-json\/wp\/v2\/media\/8770"}],"wp:attachment":[{"href":"https:\/\/www.repstronics.com\/en\/wp-json\/wp\/v2\/media?parent=7655"}],"wp:term":[{"taxonomy":"pwb-brand","embeddable":true,"href":"https:\/\/www.repstronics.com\/en\/wp-json\/wp\/v2\/pwb-brand?post=7655"},{"taxonomy":"product_brand","embeddable":true,"href":"https:\/\/www.repstronics.com\/en\/wp-json\/wp\/v2\/product_brand?post=7655"},{"taxonomy":"product_cat","embeddable":true,"href":"https:\/\/www.repstronics.com\/en\/wp-json\/wp\/v2\/product_cat?post=7655"},{"taxonomy":"product_tag","embeddable":true,"href":"https:\/\/www.repstronics.com\/en\/wp-json\/wp\/v2\/product_tag?post=7655"},{"taxonomy":"soluciones","embeddable":true,"href":"https:\/\/www.repstronics.com\/en\/wp-json\/wp\/v2\/soluciones?post=7655"}],"curies":[{"name":"wp","href":"https:\/\/api.w.org\/{rel}","templated":true}]}}