{"id":7632,"date":"2023-07-19T14:03:44","date_gmt":"2023-07-19T20:03:44","guid":{"rendered":"https:\/\/www.repstronics.com\/?post_type=product&#038;p=7632"},"modified":"2026-02-26T11:41:20","modified_gmt":"2026-02-26T17:41:20","slug":"pedal-de-pie-foot-switch","status":"publish","type":"product","link":"https:\/\/www.repstronics.com\/en\/product\/pedal-de-pie-foot-switch\/","title":{"rendered":"Pedal de Control  (Foot Switch) Tagarno Mod: 403005 para Microscopios Digitales"},"content":{"rendered":"<p><span style=\"color: #000000;\" data-sheets-value=\"{&quot;1&quot;:2,&quot;2&quot;:&quot;Pedal de pie para controlar el nivel de magnificaci\u00f3n en un microscopio digital sin usar las manos. Es \u00fatil para actividades que requieren el control de los niveles de magnificaci\u00f3n mientras se usan ambas manos para manipular los objetos magnificados. Adem\u00e1s, el pedal de pie tambi\u00e9n puede ajustar el enfoque al presionar ambos pedales al mismo tiempo.&quot;}\" data-sheets-userformat=\"{&quot;2&quot;:9089,&quot;3&quot;:{&quot;1&quot;:0},&quot;10&quot;:1,&quot;11&quot;:4,&quot;12&quot;:0,&quot;16&quot;:9}\">Foot switch to control the magnification level in a digital microscope without using hands. It is useful for activities that require controlling the magnification levels while using both hands to manipulate magnified objects. Additionally, the foot pedal can also adjust the focus by pressing both pedals simultaneously.<\/span><\/p>\n<p><iframe id=\"zShareTpcCheck\" style=\"display: none;\" src=\"chrome-extension:\/\/ddafdejlekcmnafgnbllcfkebabhabcl\/html\/tpc.html\"><\/iframe><span id=\"zoho_button_ext\" style=\"display: none; position: absolute; z-index: 99999999; width: 80px; height: 31px; background-image: url('chrome-extension:\/\/ddafdejlekcmnafgnbllcfkebabhabcl\/images\/zshare.png'); background-size: 80px 31px; opacity: 0.9; cursor: pointer; top: 0px; left: 0px;\"><\/span><\/p>","protected":false},"excerpt":{"rendered":"<p><span data-sheets-value=\"{&quot;1&quot;:2,&quot;2&quot;:&quot;Pedal de pie para microscopios digitales de Tagarno &quot;}\" data-sheets-userformat=\"{&quot;2&quot;:9089,&quot;3&quot;:{&quot;1&quot;:0},&quot;10&quot;:1,&quot;11&quot;:4,&quot;12&quot;:0,&quot;16&quot;:9}\">Foot pedal for Tagarno digital microscopes.<\/span><\/p>\n<p><iframe id=\"zShareTpcCheck\" style=\"display: none;\" src=\"chrome-extension:\/\/ddafdejlekcmnafgnbllcfkebabhabcl\/html\/tpc.html\"><\/iframe><span id=\"zoho_button_ext\" style=\"display: none; position: absolute; z-index: 99999999; width: 80px; height: 31px; background-image: url('chrome-extension:\/\/ddafdejlekcmnafgnbllcfkebabhabcl\/images\/zshare.png'); background-size: 80px 31px; opacity: 0.9; cursor: pointer; top: 0px; left: 0px;\"><\/span><\/p>","protected":false},"featured_media":5989,"comment_status":"open","ping_status":"closed","template":"","meta":{"_acf_changed":false},"pwb-brand":[91],"product_brand":[],"product_cat":[127,113],"product_tag":[],"soluciones":[26],"class_list":{"0":"post-7632","1":"product","2":"type-product","3":"status-publish","4":"has-post-thumbnail","6":"pwb-brand-tagarno","7":"product_cat-accesorios","8":"product_cat-inspeccion","9":"product_shipping_class-producto-pequeno","10":"soluciones-mro","12":"first","13":"outofstock","14":"taxable","15":"shipping-taxable","16":"product-type-simple"},"acf":[],"yoast_head":"<!-- This site is optimized with the Yoast SEO plugin v27.3 - https:\/\/yoast.com\/product\/yoast-seo-wordpress\/ -->\n<title>Pedal de Control (Foot Switch) Tagarno Mod: 403005 para Microscopios Digitales | Repstronics<\/title>\n<meta name=\"description\" content=\"Pedal de pie para controlar el nivel de magnificaci\u00f3n en un microscopio digital sin usar las manos. Para microscopios digitales de Tagarno\" \/>\n<meta name=\"robots\" content=\"index, follow, max-snippet:-1, max-image-preview:large, max-video-preview:-1\" \/>\n<link rel=\"canonical\" href=\"https:\/\/www.repstronics.com\/en\/product\/pedal-de-pie-foot-switch\/\" \/>\n<meta property=\"og:locale\" content=\"en_US\" \/>\n<meta property=\"og:type\" content=\"article\" \/>\n<meta property=\"og:title\" content=\"Pedal de Control (Foot Switch) Tagarno Mod: 403005 para Microscopios Digitales | Repstronics\" \/>\n<meta property=\"og:description\" content=\"Pedal de pie para controlar el nivel de magnificaci\u00f3n en un microscopio digital sin usar las manos. Para microscopios digitales de Tagarno\" \/>\n<meta property=\"og:url\" content=\"https:\/\/www.repstronics.com\/en\/product\/pedal-de-pie-foot-switch\/\" \/>\n<meta property=\"og:site_name\" content=\"Repstronics\" \/>\n<meta property=\"article:modified_time\" content=\"2026-02-26T17:41:20+00:00\" \/>\n<meta property=\"og:image\" content=\"https:\/\/www.repstronics.com\/wp-content\/uploads\/2023\/05\/Tagarno_accessories_foot_switch_control.jpg\" \/>\n\t<meta property=\"og:image:width\" content=\"429\" \/>\n\t<meta property=\"og:image:height\" content=\"435\" \/>\n\t<meta property=\"og:image:type\" content=\"image\/jpeg\" \/>\n<meta name=\"twitter:card\" content=\"summary_large_image\" \/>\n<meta name=\"twitter:label1\" content=\"Est. reading time\" \/>\n\t<meta name=\"twitter:data1\" content=\"1 minute\" \/>\n<script type=\"application\/ld+json\" class=\"yoast-schema-graph\">{\"@context\":\"https:\\\/\\\/schema.org\",\"@graph\":[{\"@type\":\"WebPage\",\"@id\":\"https:\\\/\\\/www.repstronics.com\\\/producto\\\/pedal-de-pie-foot-switch\\\/\",\"url\":\"https:\\\/\\\/www.repstronics.com\\\/producto\\\/pedal-de-pie-foot-switch\\\/\",\"name\":\"Pedal de Control (Foot Switch) Tagarno Mod: 403005 para Microscopios Digitales | Repstronics\",\"isPartOf\":{\"@id\":\"https:\\\/\\\/www.repstronics.com\\\/#website\"},\"primaryImageOfPage\":{\"@id\":\"https:\\\/\\\/www.repstronics.com\\\/producto\\\/pedal-de-pie-foot-switch\\\/#primaryimage\"},\"image\":{\"@id\":\"https:\\\/\\\/www.repstronics.com\\\/producto\\\/pedal-de-pie-foot-switch\\\/#primaryimage\"},\"thumbnailUrl\":\"https:\\\/\\\/www.repstronics.com\\\/wp-content\\\/uploads\\\/2023\\\/05\\\/Tagarno_accessories_foot_switch_control.jpg\",\"datePublished\":\"2023-07-19T20:03:44+00:00\",\"dateModified\":\"2026-02-26T17:41:20+00:00\",\"description\":\"Pedal de pie para controlar el nivel de magnificaci\u00f3n en un microscopio digital sin usar las manos. Para microscopios digitales de Tagarno\",\"breadcrumb\":{\"@id\":\"https:\\\/\\\/www.repstronics.com\\\/producto\\\/pedal-de-pie-foot-switch\\\/#breadcrumb\"},\"inLanguage\":\"en-US\",\"potentialAction\":[{\"@type\":\"ReadAction\",\"target\":[\"https:\\\/\\\/www.repstronics.com\\\/producto\\\/pedal-de-pie-foot-switch\\\/\"]}]},{\"@type\":\"ImageObject\",\"inLanguage\":\"en-US\",\"@id\":\"https:\\\/\\\/www.repstronics.com\\\/producto\\\/pedal-de-pie-foot-switch\\\/#primaryimage\",\"url\":\"https:\\\/\\\/www.repstronics.com\\\/wp-content\\\/uploads\\\/2023\\\/05\\\/Tagarno_accessories_foot_switch_control.jpg\",\"contentUrl\":\"https:\\\/\\\/www.repstronics.com\\\/wp-content\\\/uploads\\\/2023\\\/05\\\/Tagarno_accessories_foot_switch_control.jpg\",\"width\":429,\"height\":435},{\"@type\":\"BreadcrumbList\",\"@id\":\"https:\\\/\\\/www.repstronics.com\\\/producto\\\/pedal-de-pie-foot-switch\\\/#breadcrumb\",\"itemListElement\":[{\"@type\":\"ListItem\",\"position\":1,\"name\":\"Inicio\",\"item\":\"https:\\\/\\\/www.repstronics.com\\\/\"},{\"@type\":\"ListItem\",\"position\":2,\"name\":\"Shop\",\"item\":\"https:\\\/\\\/www.repstronics.com\\\/shop\\\/\"},{\"@type\":\"ListItem\",\"position\":3,\"name\":\"Pedal de Control (Foot Switch) Tagarno Mod: 403005 para Microscopios Digitales\"}]},{\"@type\":\"WebSite\",\"@id\":\"https:\\\/\\\/www.repstronics.com\\\/#website\",\"url\":\"https:\\\/\\\/www.repstronics.com\\\/\",\"name\":\"Repstronics\",\"description\":\"Soluciones de Manufactura\",\"publisher\":{\"@id\":\"https:\\\/\\\/www.repstronics.com\\\/#organization\"},\"potentialAction\":[{\"@type\":\"SearchAction\",\"target\":{\"@type\":\"EntryPoint\",\"urlTemplate\":\"https:\\\/\\\/www.repstronics.com\\\/?s={search_term_string}\"},\"query-input\":{\"@type\":\"PropertyValueSpecification\",\"valueRequired\":true,\"valueName\":\"search_term_string\"}}],\"inLanguage\":\"en-US\"},{\"@type\":\"Organization\",\"@id\":\"https:\\\/\\\/www.repstronics.com\\\/#organization\",\"name\":\"Repstronics\",\"url\":\"https:\\\/\\\/www.repstronics.com\\\/\",\"logo\":{\"@type\":\"ImageObject\",\"inLanguage\":\"en-US\",\"@id\":\"https:\\\/\\\/www.repstronics.com\\\/#\\\/schema\\\/logo\\\/image\\\/\",\"url\":\"https:\\\/\\\/www.repstronics.com\\\/wp-content\\\/uploads\\\/2021\\\/08\\\/reps-logo-100.jpg\",\"contentUrl\":\"https:\\\/\\\/www.repstronics.com\\\/wp-content\\\/uploads\\\/2021\\\/08\\\/reps-logo-100.jpg\",\"width\":201,\"height\":108,\"caption\":\"Repstronics\"},\"image\":{\"@id\":\"https:\\\/\\\/www.repstronics.com\\\/#\\\/schema\\\/logo\\\/image\\\/\"}}]}<\/script>\n<!-- \/ Yoast SEO plugin. -->","yoast_head_json":{"title":"Pedal de Control (Foot Switch) Tagarno Mod: 403005 para Microscopios Digitales | Repstronics","description":"Pedal de pie para controlar el nivel de magnificaci\u00f3n en un microscopio digital sin usar las manos. Para microscopios digitales de Tagarno","robots":{"index":"index","follow":"follow","max-snippet":"max-snippet:-1","max-image-preview":"max-image-preview:large","max-video-preview":"max-video-preview:-1"},"canonical":"https:\/\/www.repstronics.com\/en\/product\/pedal-de-pie-foot-switch\/","og_locale":"en_US","og_type":"article","og_title":"Pedal de Control (Foot Switch) Tagarno Mod: 403005 para Microscopios Digitales | Repstronics","og_description":"Pedal de pie para controlar el nivel de magnificaci\u00f3n en un microscopio digital sin usar las manos. Para microscopios digitales de Tagarno","og_url":"https:\/\/www.repstronics.com\/en\/product\/pedal-de-pie-foot-switch\/","og_site_name":"Repstronics","article_modified_time":"2026-02-26T17:41:20+00:00","og_image":[{"width":429,"height":435,"url":"https:\/\/www.repstronics.com\/wp-content\/uploads\/2023\/05\/Tagarno_accessories_foot_switch_control.jpg","type":"image\/jpeg"}],"twitter_card":"summary_large_image","twitter_misc":{"Est. reading time":"1 minute"},"schema":{"@context":"https:\/\/schema.org","@graph":[{"@type":"WebPage","@id":"https:\/\/www.repstronics.com\/producto\/pedal-de-pie-foot-switch\/","url":"https:\/\/www.repstronics.com\/producto\/pedal-de-pie-foot-switch\/","name":"Pedal de Control (Foot Switch) Tagarno Mod: 403005 para Microscopios Digitales | Repstronics","isPartOf":{"@id":"https:\/\/www.repstronics.com\/#website"},"primaryImageOfPage":{"@id":"https:\/\/www.repstronics.com\/producto\/pedal-de-pie-foot-switch\/#primaryimage"},"image":{"@id":"https:\/\/www.repstronics.com\/producto\/pedal-de-pie-foot-switch\/#primaryimage"},"thumbnailUrl":"https:\/\/www.repstronics.com\/wp-content\/uploads\/2023\/05\/Tagarno_accessories_foot_switch_control.jpg","datePublished":"2023-07-19T20:03:44+00:00","dateModified":"2026-02-26T17:41:20+00:00","description":"Pedal de pie para controlar el nivel de magnificaci\u00f3n en un microscopio digital sin usar las manos. Para microscopios digitales de Tagarno","breadcrumb":{"@id":"https:\/\/www.repstronics.com\/producto\/pedal-de-pie-foot-switch\/#breadcrumb"},"inLanguage":"en-US","potentialAction":[{"@type":"ReadAction","target":["https:\/\/www.repstronics.com\/producto\/pedal-de-pie-foot-switch\/"]}]},{"@type":"ImageObject","inLanguage":"en-US","@id":"https:\/\/www.repstronics.com\/producto\/pedal-de-pie-foot-switch\/#primaryimage","url":"https:\/\/www.repstronics.com\/wp-content\/uploads\/2023\/05\/Tagarno_accessories_foot_switch_control.jpg","contentUrl":"https:\/\/www.repstronics.com\/wp-content\/uploads\/2023\/05\/Tagarno_accessories_foot_switch_control.jpg","width":429,"height":435},{"@type":"BreadcrumbList","@id":"https:\/\/www.repstronics.com\/producto\/pedal-de-pie-foot-switch\/#breadcrumb","itemListElement":[{"@type":"ListItem","position":1,"name":"Inicio","item":"https:\/\/www.repstronics.com\/"},{"@type":"ListItem","position":2,"name":"Shop","item":"https:\/\/www.repstronics.com\/shop\/"},{"@type":"ListItem","position":3,"name":"Pedal de Control (Foot Switch) Tagarno Mod: 403005 para Microscopios Digitales"}]},{"@type":"WebSite","@id":"https:\/\/www.repstronics.com\/#website","url":"https:\/\/www.repstronics.com\/","name":"Repstronics","description":"Soluciones de Manufactura","publisher":{"@id":"https:\/\/www.repstronics.com\/#organization"},"potentialAction":[{"@type":"SearchAction","target":{"@type":"EntryPoint","urlTemplate":"https:\/\/www.repstronics.com\/?s={search_term_string}"},"query-input":{"@type":"PropertyValueSpecification","valueRequired":true,"valueName":"search_term_string"}}],"inLanguage":"en-US"},{"@type":"Organization","@id":"https:\/\/www.repstronics.com\/#organization","name":"Repstronics","url":"https:\/\/www.repstronics.com\/","logo":{"@type":"ImageObject","inLanguage":"en-US","@id":"https:\/\/www.repstronics.com\/#\/schema\/logo\/image\/","url":"https:\/\/www.repstronics.com\/wp-content\/uploads\/2021\/08\/reps-logo-100.jpg","contentUrl":"https:\/\/www.repstronics.com\/wp-content\/uploads\/2021\/08\/reps-logo-100.jpg","width":201,"height":108,"caption":"Repstronics"},"image":{"@id":"https:\/\/www.repstronics.com\/#\/schema\/logo\/image\/"}}]}},"brands":[{"id":91,"name":"Tagarno","slug":"tagarno"}],"_links":{"self":[{"href":"https:\/\/www.repstronics.com\/en\/wp-json\/wp\/v2\/product\/7632","targetHints":{"allow":["GET"]}}],"collection":[{"href":"https:\/\/www.repstronics.com\/en\/wp-json\/wp\/v2\/product"}],"about":[{"href":"https:\/\/www.repstronics.com\/en\/wp-json\/wp\/v2\/types\/product"}],"replies":[{"embeddable":true,"href":"https:\/\/www.repstronics.com\/en\/wp-json\/wp\/v2\/comments?post=7632"}],"wp:featuredmedia":[{"embeddable":true,"href":"https:\/\/www.repstronics.com\/en\/wp-json\/wp\/v2\/media\/5989"}],"wp:attachment":[{"href":"https:\/\/www.repstronics.com\/en\/wp-json\/wp\/v2\/media?parent=7632"}],"wp:term":[{"taxonomy":"pwb-brand","embeddable":true,"href":"https:\/\/www.repstronics.com\/en\/wp-json\/wp\/v2\/pwb-brand?post=7632"},{"taxonomy":"product_brand","embeddable":true,"href":"https:\/\/www.repstronics.com\/en\/wp-json\/wp\/v2\/product_brand?post=7632"},{"taxonomy":"product_cat","embeddable":true,"href":"https:\/\/www.repstronics.com\/en\/wp-json\/wp\/v2\/product_cat?post=7632"},{"taxonomy":"product_tag","embeddable":true,"href":"https:\/\/www.repstronics.com\/en\/wp-json\/wp\/v2\/product_tag?post=7632"},{"taxonomy":"soluciones","embeddable":true,"href":"https:\/\/www.repstronics.com\/en\/wp-json\/wp\/v2\/soluciones?post=7632"}],"curies":[{"name":"wp","href":"https:\/\/api.w.org\/{rel}","templated":true}]}}