{"id":7600,"date":"2023-07-19T14:03:40","date_gmt":"2023-07-19T20:03:40","guid":{"rendered":"https:\/\/www.repstronics.com\/?post_type=product&#038;p=7600"},"modified":"2026-02-26T11:12:24","modified_gmt":"2026-02-26T17:12:24","slug":"injet-388-crd","status":"publish","type":"product","link":"https:\/\/www.repstronics.com\/en\/product\/injet-388-crd\/","title":{"rendered":"Sistema de Limpieza DCT InJet 388 CRD para Est\u00e9nciles y PCBs"},"content":{"rendered":"<p><span style=\"color: #333333;\">Designed for the removal of SMT solder pastes and adhesives from stencils, PumPrints, squeegees, and print errors. Additionally, it is also possible to clean PCBs and remove conformal coatings.<\/span><\/p>\n<p><iframe id=\"zShareTpcCheck\" style=\"display: none;\" src=\"chrome-extension:\/\/ddafdejlekcmnafgnbllcfkebabhabcl\/html\/tpc.html\"><\/iframe><span id=\"zoho_button_ext\" style=\"display: none; position: absolute; z-index: 99999999; width: 80px; height: 31px; background-image: url('chrome-extension:\/\/ddafdejlekcmnafgnbllcfkebabhabcl\/images\/zshare.png'); background-size: 80px 31px; opacity: 0.9; cursor: pointer; top: 0px; left: 0px;\"><\/span><\/p>","protected":false},"excerpt":{"rendered":"<p><span style=\"color: #000000;\">InJet\u00ae 388 CRD is developed primarily for the removalof solder pastes and SMT adhesives from stencils, PumPrints,squeegees and misprints. The cleaning system can also be used for PCB cleaning, or for a combination of PCB cleaning and the afore-mentioned cleaning processes. The machine can also be used for the removal of cured conformal coating.<\/span><\/p>\n<p><iframe id=\"zShareTpcCheck\" style=\"display: none;\" src=\"chrome-extension:\/\/ddafdejlekcmnafgnbllcfkebabhabcl\/html\/tpc.html\"><\/iframe><span id=\"zoho_button_ext\" style=\"display: none; position: absolute; z-index: 99999999; width: 80px; height: 31px; background-image: url('chrome-extension:\/\/ddafdejlekcmnafgnbllcfkebabhabcl\/images\/zshare.png'); background-size: 80px 31px; opacity: 0.9; cursor: pointer; top: 0px; left: 0px;\"><\/span><\/p>","protected":false},"featured_media":5994,"comment_status":"open","ping_status":"closed","template":"","meta":{"_acf_changed":false},"pwb-brand":[73],"product_brand":[],"product_cat":[105,101,114],"product_tag":[124,99],"soluciones":[20],"class_list":{"0":"post-7600","1":"product","2":"type-product","3":"status-publish","4":"has-post-thumbnail","6":"pwb-brand-dct","7":"product_cat-bajo_cotizacion","8":"product_cat-limpieza","9":"product_cat-maquinaria","10":"product_tag-bajo-cotizacion","11":"product_tag-equipos-demo","12":"product_shipping_class-producto-extra-grande","13":"soluciones-smt-electronica","15":"first","16":"outofstock","17":"taxable","18":"shipping-taxable","19":"product-type-simple"},"acf":[],"yoast_head":"<!-- This site is optimized with the Yoast SEO plugin v27.4 - https:\/\/yoast.com\/product\/yoast-seo-wordpress\/ -->\n<title>Sistema de Limpieza DCT InJet 388 CRD para Est\u00e9nciles y PCBs | Repstronics<\/title>\n<meta name=\"description\" content=\"Sistma de lavado InJet 388 CRD. Dise\u00f1ado para la eliminaci\u00f3n de pastas de soldadura y adhesivos SMT de est\u00e9nciles, PumPrints, escurridores y errores de impresi\u00f3n. Adem\u00e1s, tambien es posible limpiar PCB y eliminar Conformal Coating.\" \/>\n<meta name=\"robots\" content=\"index, follow, max-snippet:-1, max-image-preview:large, max-video-preview:-1\" \/>\n<link rel=\"canonical\" href=\"https:\/\/www.repstronics.com\/en\/product\/injet-388-crd\/\" \/>\n<meta property=\"og:locale\" content=\"en_US\" \/>\n<meta property=\"og:type\" content=\"article\" \/>\n<meta property=\"og:title\" content=\"Sistema de Limpieza DCT InJet 388 CRD para Est\u00e9nciles y PCBs | Repstronics\" \/>\n<meta property=\"og:description\" content=\"Sistma de lavado InJet 388 CRD. Dise\u00f1ado para la eliminaci\u00f3n de pastas de soldadura y adhesivos SMT de est\u00e9nciles, PumPrints, escurridores y errores de impresi\u00f3n. Adem\u00e1s, tambien es posible limpiar PCB y eliminar Conformal Coating.\" \/>\n<meta property=\"og:url\" content=\"https:\/\/www.repstronics.com\/en\/product\/injet-388-crd\/\" \/>\n<meta property=\"og:site_name\" content=\"Repstronics\" \/>\n<meta property=\"article:modified_time\" content=\"2026-02-26T17:12:24+00:00\" \/>\n<meta property=\"og:image\" content=\"https:\/\/www.repstronics.com\/wp-content\/uploads\/2023\/05\/DCT-InJet-388-CRD-2PR-TopLine.webp\" \/>\n\t<meta property=\"og:image:width\" content=\"1001\" \/>\n\t<meta property=\"og:image:height\" content=\"1001\" \/>\n\t<meta property=\"og:image:type\" content=\"image\/webp\" \/>\n<meta name=\"twitter:card\" content=\"summary_large_image\" \/>\n<meta name=\"twitter:label1\" content=\"Est. reading time\" \/>\n\t<meta name=\"twitter:data1\" content=\"1 minute\" \/>\n<script type=\"application\/ld+json\" class=\"yoast-schema-graph\">{\"@context\":\"https:\\\/\\\/schema.org\",\"@graph\":[{\"@type\":\"WebPage\",\"@id\":\"https:\\\/\\\/www.repstronics.com\\\/producto\\\/injet-388-crd\\\/\",\"url\":\"https:\\\/\\\/www.repstronics.com\\\/producto\\\/injet-388-crd\\\/\",\"name\":\"Sistema de Limpieza DCT InJet 388 CRD para Est\u00e9nciles y PCBs | Repstronics\",\"isPartOf\":{\"@id\":\"https:\\\/\\\/www.repstronics.com\\\/#website\"},\"primaryImageOfPage\":{\"@id\":\"https:\\\/\\\/www.repstronics.com\\\/producto\\\/injet-388-crd\\\/#primaryimage\"},\"image\":{\"@id\":\"https:\\\/\\\/www.repstronics.com\\\/producto\\\/injet-388-crd\\\/#primaryimage\"},\"thumbnailUrl\":\"https:\\\/\\\/www.repstronics.com\\\/wp-content\\\/uploads\\\/2023\\\/05\\\/DCT-InJet-388-CRD-2PR-TopLine.webp\",\"datePublished\":\"2023-07-19T20:03:40+00:00\",\"dateModified\":\"2026-02-26T17:12:24+00:00\",\"description\":\"Sistma de lavado InJet 388 CRD. Dise\u00f1ado para la eliminaci\u00f3n de pastas de soldadura y adhesivos SMT de est\u00e9nciles, PumPrints, escurridores y errores de impresi\u00f3n. Adem\u00e1s, tambien es posible limpiar PCB y eliminar Conformal Coating.\",\"breadcrumb\":{\"@id\":\"https:\\\/\\\/www.repstronics.com\\\/producto\\\/injet-388-crd\\\/#breadcrumb\"},\"inLanguage\":\"en-US\",\"potentialAction\":[{\"@type\":\"ReadAction\",\"target\":[\"https:\\\/\\\/www.repstronics.com\\\/producto\\\/injet-388-crd\\\/\"]}]},{\"@type\":\"ImageObject\",\"inLanguage\":\"en-US\",\"@id\":\"https:\\\/\\\/www.repstronics.com\\\/producto\\\/injet-388-crd\\\/#primaryimage\",\"url\":\"https:\\\/\\\/www.repstronics.com\\\/wp-content\\\/uploads\\\/2023\\\/05\\\/DCT-InJet-388-CRD-2PR-TopLine.webp\",\"contentUrl\":\"https:\\\/\\\/www.repstronics.com\\\/wp-content\\\/uploads\\\/2023\\\/05\\\/DCT-InJet-388-CRD-2PR-TopLine.webp\",\"width\":1001,\"height\":1001},{\"@type\":\"BreadcrumbList\",\"@id\":\"https:\\\/\\\/www.repstronics.com\\\/producto\\\/injet-388-crd\\\/#breadcrumb\",\"itemListElement\":[{\"@type\":\"ListItem\",\"position\":1,\"name\":\"Inicio\",\"item\":\"https:\\\/\\\/www.repstronics.com\\\/\"},{\"@type\":\"ListItem\",\"position\":2,\"name\":\"Shop\",\"item\":\"https:\\\/\\\/www.repstronics.com\\\/shop\\\/\"},{\"@type\":\"ListItem\",\"position\":3,\"name\":\"Sistema de Limpieza DCT InJet 388 CRD para Est\u00e9nciles y PCBs\"}]},{\"@type\":\"WebSite\",\"@id\":\"https:\\\/\\\/www.repstronics.com\\\/#website\",\"url\":\"https:\\\/\\\/www.repstronics.com\\\/\",\"name\":\"Repstronics\",\"description\":\"Soluciones de Manufactura\",\"publisher\":{\"@id\":\"https:\\\/\\\/www.repstronics.com\\\/#organization\"},\"potentialAction\":[{\"@type\":\"SearchAction\",\"target\":{\"@type\":\"EntryPoint\",\"urlTemplate\":\"https:\\\/\\\/www.repstronics.com\\\/?s={search_term_string}\"},\"query-input\":{\"@type\":\"PropertyValueSpecification\",\"valueRequired\":true,\"valueName\":\"search_term_string\"}}],\"inLanguage\":\"en-US\"},{\"@type\":\"Organization\",\"@id\":\"https:\\\/\\\/www.repstronics.com\\\/#organization\",\"name\":\"Repstronics\",\"url\":\"https:\\\/\\\/www.repstronics.com\\\/\",\"logo\":{\"@type\":\"ImageObject\",\"inLanguage\":\"en-US\",\"@id\":\"https:\\\/\\\/www.repstronics.com\\\/#\\\/schema\\\/logo\\\/image\\\/\",\"url\":\"https:\\\/\\\/www.repstronics.com\\\/wp-content\\\/uploads\\\/2021\\\/08\\\/reps-logo-100.jpg\",\"contentUrl\":\"https:\\\/\\\/www.repstronics.com\\\/wp-content\\\/uploads\\\/2021\\\/08\\\/reps-logo-100.jpg\",\"width\":201,\"height\":108,\"caption\":\"Repstronics\"},\"image\":{\"@id\":\"https:\\\/\\\/www.repstronics.com\\\/#\\\/schema\\\/logo\\\/image\\\/\"}}]}<\/script>\n<!-- \/ Yoast SEO plugin. -->","yoast_head_json":{"title":"Sistema de Limpieza DCT InJet 388 CRD para Est\u00e9nciles y PCBs | Repstronics","description":"Sistma de lavado InJet 388 CRD. Dise\u00f1ado para la eliminaci\u00f3n de pastas de soldadura y adhesivos SMT de est\u00e9nciles, PumPrints, escurridores y errores de impresi\u00f3n. Adem\u00e1s, tambien es posible limpiar PCB y eliminar Conformal Coating.","robots":{"index":"index","follow":"follow","max-snippet":"max-snippet:-1","max-image-preview":"max-image-preview:large","max-video-preview":"max-video-preview:-1"},"canonical":"https:\/\/www.repstronics.com\/en\/product\/injet-388-crd\/","og_locale":"en_US","og_type":"article","og_title":"Sistema de Limpieza DCT InJet 388 CRD para Est\u00e9nciles y PCBs | Repstronics","og_description":"Sistma de lavado InJet 388 CRD. Dise\u00f1ado para la eliminaci\u00f3n de pastas de soldadura y adhesivos SMT de est\u00e9nciles, PumPrints, escurridores y errores de impresi\u00f3n. Adem\u00e1s, tambien es posible limpiar PCB y eliminar Conformal Coating.","og_url":"https:\/\/www.repstronics.com\/en\/product\/injet-388-crd\/","og_site_name":"Repstronics","article_modified_time":"2026-02-26T17:12:24+00:00","og_image":[{"width":1001,"height":1001,"url":"https:\/\/www.repstronics.com\/wp-content\/uploads\/2023\/05\/DCT-InJet-388-CRD-2PR-TopLine.webp","type":"image\/webp"}],"twitter_card":"summary_large_image","twitter_misc":{"Est. reading time":"1 minute"},"schema":{"@context":"https:\/\/schema.org","@graph":[{"@type":"WebPage","@id":"https:\/\/www.repstronics.com\/producto\/injet-388-crd\/","url":"https:\/\/www.repstronics.com\/producto\/injet-388-crd\/","name":"Sistema de Limpieza DCT InJet 388 CRD para Est\u00e9nciles y PCBs | Repstronics","isPartOf":{"@id":"https:\/\/www.repstronics.com\/#website"},"primaryImageOfPage":{"@id":"https:\/\/www.repstronics.com\/producto\/injet-388-crd\/#primaryimage"},"image":{"@id":"https:\/\/www.repstronics.com\/producto\/injet-388-crd\/#primaryimage"},"thumbnailUrl":"https:\/\/www.repstronics.com\/wp-content\/uploads\/2023\/05\/DCT-InJet-388-CRD-2PR-TopLine.webp","datePublished":"2023-07-19T20:03:40+00:00","dateModified":"2026-02-26T17:12:24+00:00","description":"Sistma de lavado InJet 388 CRD. Dise\u00f1ado para la eliminaci\u00f3n de pastas de soldadura y adhesivos SMT de est\u00e9nciles, PumPrints, escurridores y errores de impresi\u00f3n. Adem\u00e1s, tambien es posible limpiar PCB y eliminar Conformal Coating.","breadcrumb":{"@id":"https:\/\/www.repstronics.com\/producto\/injet-388-crd\/#breadcrumb"},"inLanguage":"en-US","potentialAction":[{"@type":"ReadAction","target":["https:\/\/www.repstronics.com\/producto\/injet-388-crd\/"]}]},{"@type":"ImageObject","inLanguage":"en-US","@id":"https:\/\/www.repstronics.com\/producto\/injet-388-crd\/#primaryimage","url":"https:\/\/www.repstronics.com\/wp-content\/uploads\/2023\/05\/DCT-InJet-388-CRD-2PR-TopLine.webp","contentUrl":"https:\/\/www.repstronics.com\/wp-content\/uploads\/2023\/05\/DCT-InJet-388-CRD-2PR-TopLine.webp","width":1001,"height":1001},{"@type":"BreadcrumbList","@id":"https:\/\/www.repstronics.com\/producto\/injet-388-crd\/#breadcrumb","itemListElement":[{"@type":"ListItem","position":1,"name":"Inicio","item":"https:\/\/www.repstronics.com\/"},{"@type":"ListItem","position":2,"name":"Shop","item":"https:\/\/www.repstronics.com\/shop\/"},{"@type":"ListItem","position":3,"name":"Sistema de Limpieza DCT InJet 388 CRD para Est\u00e9nciles y PCBs"}]},{"@type":"WebSite","@id":"https:\/\/www.repstronics.com\/#website","url":"https:\/\/www.repstronics.com\/","name":"Repstronics","description":"Soluciones de Manufactura","publisher":{"@id":"https:\/\/www.repstronics.com\/#organization"},"potentialAction":[{"@type":"SearchAction","target":{"@type":"EntryPoint","urlTemplate":"https:\/\/www.repstronics.com\/?s={search_term_string}"},"query-input":{"@type":"PropertyValueSpecification","valueRequired":true,"valueName":"search_term_string"}}],"inLanguage":"en-US"},{"@type":"Organization","@id":"https:\/\/www.repstronics.com\/#organization","name":"Repstronics","url":"https:\/\/www.repstronics.com\/","logo":{"@type":"ImageObject","inLanguage":"en-US","@id":"https:\/\/www.repstronics.com\/#\/schema\/logo\/image\/","url":"https:\/\/www.repstronics.com\/wp-content\/uploads\/2021\/08\/reps-logo-100.jpg","contentUrl":"https:\/\/www.repstronics.com\/wp-content\/uploads\/2021\/08\/reps-logo-100.jpg","width":201,"height":108,"caption":"Repstronics"},"image":{"@id":"https:\/\/www.repstronics.com\/#\/schema\/logo\/image\/"}}]}},"brands":[{"id":73,"name":"DCT","slug":"dct"}],"_links":{"self":[{"href":"https:\/\/www.repstronics.com\/en\/wp-json\/wp\/v2\/product\/7600","targetHints":{"allow":["GET"]}}],"collection":[{"href":"https:\/\/www.repstronics.com\/en\/wp-json\/wp\/v2\/product"}],"about":[{"href":"https:\/\/www.repstronics.com\/en\/wp-json\/wp\/v2\/types\/product"}],"replies":[{"embeddable":true,"href":"https:\/\/www.repstronics.com\/en\/wp-json\/wp\/v2\/comments?post=7600"}],"wp:featuredmedia":[{"embeddable":true,"href":"https:\/\/www.repstronics.com\/en\/wp-json\/wp\/v2\/media\/5994"}],"wp:attachment":[{"href":"https:\/\/www.repstronics.com\/en\/wp-json\/wp\/v2\/media?parent=7600"}],"wp:term":[{"taxonomy":"pwb-brand","embeddable":true,"href":"https:\/\/www.repstronics.com\/en\/wp-json\/wp\/v2\/pwb-brand?post=7600"},{"taxonomy":"product_brand","embeddable":true,"href":"https:\/\/www.repstronics.com\/en\/wp-json\/wp\/v2\/product_brand?post=7600"},{"taxonomy":"product_cat","embeddable":true,"href":"https:\/\/www.repstronics.com\/en\/wp-json\/wp\/v2\/product_cat?post=7600"},{"taxonomy":"product_tag","embeddable":true,"href":"https:\/\/www.repstronics.com\/en\/wp-json\/wp\/v2\/product_tag?post=7600"},{"taxonomy":"soluciones","embeddable":true,"href":"https:\/\/www.repstronics.com\/en\/wp-json\/wp\/v2\/soluciones?post=7600"}],"curies":[{"name":"wp","href":"https:\/\/api.w.org\/{rel}","templated":true}]}}